{"id":1997,"date":"2023-01-27T06:48:07","date_gmt":"2023-01-27T06:48:07","guid":{"rendered":"https:\/\/easyreaddemo.azurewebsites.net\/?page_id=3"},"modified":"2024-02-21T12:28:24","modified_gmt":"2024-02-21T12:28:24","slug":"privacy","status":"publish","type":"page","link":"https:\/\/www.fieldobservatory.org\/index.php\/privacy\/","title":{"rendered":"Privacy Policy"},"content":{"rendered":"\n<figure class=\"wp-block-table aligncenter is-style-regular o-privacy-policy-table\"><table><tbody><tr><td>1. Rekisterinpit\u00e4j\u00e4<\/td><td>Nimi<br>Ilmatieteen laitos<br><br>Osoite<br>PL 503, Erik Palm\u00e9nin aukio 1, 00101 Helsinki<br><br>Muut yhteystiedot (esim. s\u00e4hk\u00f6postiosoite, puhelin virka-aikana)<br>puh. 029 539 1000, kirjaamo@fmi.fi<\/td><\/tr><tr><td>2. Rekisterin yhteyshenkil\u00f6<\/td><td>Nimi<br>Jari Liski<br><br>Yhteystiedot<br>jari.liski@fmi.fi<\/td><\/tr><tr><td>3. Tietosuojavastaava<\/td><td>Nimi<br>Jaana Palmunoksa<br><br>Yhteystiedot<br>puh. 029 5392310, jaana.palmunoksa@fmi.fi<\/td><\/tr><tr><td>4. Rekisterin nimi<\/td><td>Pelto-observatorio<\/td><\/tr><tr><td>5. Henkil\u00f6tietojen k\u00e4sittelyn tarkoitukset<\/td><td>Tieteellinen tutkimus hiilen maaper\u00e4\u00e4n varastoimisen menetelmist\u00e4; maa-aluetta (koealue) koskevan datan julkaiseminen internetiss\u00e4.<\/td><\/tr><tr><td>6. K\u00e4sittelyn oikeusperuste<\/td><td>Tieteellinen tutkimus sek\u00e4 rekister\u00f6idyn ja rekisterinpit\u00e4j\u00e4n v\u00e4linen<br>sopimus osallistumisesta tieteelliseen tutkimukseen.<\/td><\/tr><tr><td>7. Rekisterin tietosis\u00e4lt\u00f6<\/td><td>Koealueen tiedot: Vapaamuotoinen kuvaus koealueesta ja sill\u00e4 teht\u00e4v\u00e4st\u00e4<br>tutkimuksesta, kosteus, l\u00e4mp\u00f6, s\u00e4hk\u00f6njohtavuus, koelohkon rajojen paikkatieto, tehty viljely- tai muu toimenpide, maaper\u00e4tyyppi, muista l\u00e4hteist\u00e4 ker\u00e4ttyj\u00e4 s\u00e4\u00e4- ja ilmastotietoja, l\u00e4himm\u00e4n s\u00e4\u00e4aseman nimi, ilmakuvia ja satelliittikuvia koealueelta ja sen v\u00e4litt\u00f6m\u00e4st\u00e4 ymp\u00e4rist\u00f6st\u00e4, sek\u00e4 n\u00e4ist\u00e4 tiedoista laskettuja muita hiilensidontaan liittyvi\u00e4 tietoja. Osa tiedoista on ennusteita.<br><br>Koealue saattaa olla tunnistettavissa siten, ett\u00e4 sen omistaja tai vuokraaja<br>voidaan selvitt\u00e4\u00e4 julkisista rekistereist\u00e4. Koealueen tietoja esitet\u00e4\u00e4n julkisesti<br>Pelto-observatoriossa. Kaikessa esitett\u00e4v\u00e4ss\u00e4 paikkatiedossa maantieteelliset<br>sijainnit on muutettu niin, ett\u00e4 ne vastaavat ainoastaan karkeasti koealueen<br>todellista sijaintia. Tutkimuksessa annettu satunnainen tilatunnus julkaistaan, ei<br>tilannimi, eik\u00e4 kiinteist\u00f6n julkinen yksil\u00f6intitunnus.<\/td><\/tr><tr><td>8. S\u00e4\u00e4nn\u00f6nmukaiset tietol\u00e4hteet<\/td><td>Koealueella olevat mittauslaitteet, ilmakuvat, satelliittikuvat, ker\u00e4tyt n\u00e4ytteet,<br>sek\u00e4 rekister\u00f6ity itse (viljelij\u00e4n muistiinpanot)<\/td><\/tr><tr><td>9. Henkil\u00f6tietojen<br>vastaanottajat tai<br>vastaanottajaryhm\u00e4t<\/td><td>Tutkimusdata (koealueen tiedot) julkaistaan internetiss\u00e4.<\/td><\/tr><tr><td>10. Henkil\u00f6tietojen siirto EU:n tai ETA:n ulkopuolelle<\/td><td>Tutkimusdata (koealueen tiedot) julkaistaan internetiss\u00e4.<\/td><\/tr><tr><td>11. Rekisterin suojauksen periaatteet<\/td><td>Tutkimusdata (koealueen tiedot) on avointa tietoa. Tietojen asiaton<br>muuttaminen on estetty rajoitetuin k\u00e4ytt\u00f6oikeuksin ja salasanoin. Tietoja<br>s\u00e4ilytet\u00e4\u00e4n palomuurilla suojatulla laitteistolla, joka sijaitsee lukitussa tilassa.<br><br>Mahdollisesti tunnistettavissa olevan tilan kiinteist\u00f6tunnus ja nimi ovat<br>julkisissa rekistereiss\u00e4 Suomessa. T\u00e4m\u00e4n datan s\u00e4ilytt\u00e4misest\u00e4 saa tietoa<br>Maanmittauslaitokselta.<\/td><\/tr><tr><td>12. Henkil\u00f6tietojen<br>s\u00e4ilytt\u00e4misaika tai<br>m\u00e4\u00e4ritt\u00e4miskriteerit<\/td><td>Tutkimusdataa (koealueen tiedot) s\u00e4ilytet\u00e4\u00e4n tutkimusaineistona pysyv\u00e4sti.<br>K\u00e4sittely on tarpeen tieteellisen tutkimuksen vuoksi.<br><br>Julkisen kiinteist\u00f6rekisterin tietoja s\u00e4ilytet\u00e4\u00e4n Maanmittauslaitoksen<br>tiedonohjaussuunnitelman mukaisesti.<\/td><\/tr><tr><td>13. Rekister\u00f6idyn oikeudet<\/td><td>Pyynt\u00f6 on teht\u00e4v\u00e4 osoitteeseen: kirjaamo@fmi.fi<br>tai Ilmatieteen laitos, kirjaamo, PL 503, Erik Palm\u00e9nin aukio 1, 00101 Helsinki<br><br><strong>Oikeus saada p\u00e4\u00e4sy henkil\u00f6tietoihin<br>Oikeus tietojen oikaisemiseen<\/strong><\/td><\/tr><tr><td>14. Oikeus tehd\u00e4 valitus valvontaviranomaiselle<\/td><td>Rekister\u00f6idyll\u00e4 on oikeus tehd\u00e4 valitus valvontaviranomaiselle jos rekister\u00f6ity katsoo, ett\u00e4 h\u00e4nt\u00e4 koskevien henkil\u00f6tietojen k\u00e4sittelyss\u00e4 rikotaan soveltuvaa tietosuojas\u00e4\u00e4ntely\u00e4.<\/td><\/tr><tr><td>15. Muu informaatio<\/td><td><\/td><\/tr><\/tbody><\/table><\/figure>\n","protected":false},"excerpt":{"rendered":"<p>1. Rekisterinpit\u00e4j\u00e4 NimiIlmatieteen laitos OsoitePL 503, Erik Palm\u00e9nin aukio 1, 00101 Helsinki Muut yhteystiedot (esim. s\u00e4hk\u00f6postiosoite, puhelin virka-aikana)puh. 029 539 1000, kirjaamo@fmi.fi 2. Rekisterin yhteyshenkil\u00f6 NimiJari Liski Yhteystiedotjari.liski@fmi.fi 3. Tietosuojavastaava NimiJaana Palmunoksa Yhteystiedotpuh. 029 5392310, jaana.palmunoksa@fmi.fi 4. Rekisterin nimi Pelto-observatorio 5. Henkil\u00f6tietojen k\u00e4sittelyn tarkoitukset Tieteellinen tutkimus hiilen maaper\u00e4\u00e4n varastoimisen menetelmist\u00e4; maa-aluetta (koealue) koskevan datan julkaiseminen [&hellip;]<\/p>\n","protected":false},"author":2,"featured_media":0,"parent":0,"menu_order":0,"comment_status":"closed","ping_status":"open","template":"","meta":{"inline_featured_image":false,"footnotes":""},"_links":{"self":[{"href":"https:\/\/www.fieldobservatory.org\/index.php\/wp-json\/wp\/v2\/pages\/1997"}],"collection":[{"href":"https:\/\/www.fieldobservatory.org\/index.php\/wp-json\/wp\/v2\/pages"}],"about":[{"href":"https:\/\/www.fieldobservatory.org\/index.php\/wp-json\/wp\/v2\/types\/page"}],"author":[{"embeddable":true,"href":"https:\/\/www.fieldobservatory.org\/index.php\/wp-json\/wp\/v2\/users\/2"}],"replies":[{"embeddable":true,"href":"https:\/\/www.fieldobservatory.org\/index.php\/wp-json\/wp\/v2\/comments?post=1997"}],"version-history":[{"count":1,"href":"https:\/\/www.fieldobservatory.org\/index.php\/wp-json\/wp\/v2\/pages\/1997\/revisions"}],"predecessor-version":[{"id":2310,"href":"https:\/\/www.fieldobservatory.org\/index.php\/wp-json\/wp\/v2\/pages\/1997\/revisions\/2310"}],"wp:attachment":[{"href":"https:\/\/www.fieldobservatory.org\/index.php\/wp-json\/wp\/v2\/media?parent=1997"}],"curies":[{"name":"wp","href":"https:\/\/api.w.org\/{rel}","templated":true}]}}