{"id":2085,"date":"2023-08-14T08:03:11","date_gmt":"2023-08-14T08:03:11","guid":{"rendered":"https:\/\/www.fieldobservatory.org\/?page_id=2085"},"modified":"2024-02-21T12:17:12","modified_gmt":"2024-02-21T12:17:12","slug":"kolinlagrande-jordbruk","status":"publish","type":"page","link":"https:\/\/www.fieldobservatory.org\/index.php\/kolinlagrande-jordbruk\/","title":{"rendered":"KOLINLAGRANDE JORDBRUK"},"content":{"rendered":"<div class=\"wp-block-cover-full-width\">\n<div class=\"wp-block-cover o-cover-subpage\"><span aria-hidden=\"true\" class=\"wp-block-cover__background has-background-dim\"><\/span><img loading=\"lazy\" decoding=\"async\" width=\"960\" height=\"640\" class=\"wp-block-cover__image-background wp-image-68\" alt=\"\" src=\"https:\/\/www.fieldobservatory.org\/wp-content\/uploads\/2023\/01\/porkkanat1q80.jpg\" data-object-fit=\"cover\" srcset=\"https:\/\/www.fieldobservatory.org\/wp-content\/uploads\/2023\/01\/porkkanat1q80.jpg 960w, https:\/\/www.fieldobservatory.org\/wp-content\/uploads\/2023\/01\/porkkanat1q80-300x200.jpg 300w, https:\/\/www.fieldobservatory.org\/wp-content\/uploads\/2023\/01\/porkkanat1q80-768x512.jpg 768w\" sizes=\"(max-width: 960px) 100vw, 960px\" \/><div class=\"wp-block-cover__inner-container is-layout-flow wp-block-cover-is-layout-flow\">\n<p class=\"has-text-align-center has-large-font-size\"><\/p>\n<\/div><\/div>\n<\/div>\n\n\n<div class=\"wp-block-group intro-box-with-link has-background\" style=\"background-color:#71cdb6\"><div class=\"wp-block-group__inner-container is-layout-flow wp-block-group-is-layout-flow\">\n<h1 class=\"wp-block-heading has-text-align-center has-white-color has-text-color\">KOLINLAGRANDE JORDBRUK STR\u00c4VAR EFTER FLERA F\u00d6RDELAR<\/h1>\n\n\n\n<p class=\"has-text-align-center h1pc has-observatory-white-color has-text-color\">Kolinlagrande jordbruk str\u00e4var till att f\u00f6rb\u00e4ttra ekosystemets kolbalans, \u00f6ka kolinlagringen och minska utsl\u00e4ppen av v\u00e4xthusgaser. Inom jordbruket \u00e4r det en del av regenerativt jordbruk &#8211; allts\u00e5 ett s\u00e4tt att producera mat som gynnar b\u00e5de jordbrukaren och milj\u00f6n. H\u00e5llbar sk\u00f6tsel av skogar och parker har liknande m\u00e5l.<br><\/p>\n\n\n\n<div class=\"wp-block-buttons is-content-justification-center is-layout-flex wp-container-core-buttons-is-layout-1 wp-block-buttons-is-layout-flex\">\n<div class=\"wp-block-button\"><a class=\"wp-block-button__link has-observatory-highlight-background-color has-background wp-element-button\" href=\"https:\/\/www.bsag.fi\/sv\/regenerativt-jordbruk\/\" target=\"_blank\" rel=\"noreferrer noopener\">L\u00e4s mera om regenerativt jordbruk p\u00e5 Carbon Actions n\u00e4tsidor <img decoding=\"async\" width=\"42\" class=\"wp-image-22\" style=\"width: 42px;\" src=\"https:\/\/www.fieldobservatory.org\/wp-content\/uploads\/2023\/01\/ArrowRightWhite.svg\" alt=\"\"><\/a><\/div>\n<\/div>\n\n\n\n<div class=\"wp-block-buttons is-content-justification-center is-layout-flex wp-container-core-buttons-is-layout-2 wp-block-buttons-is-layout-flex\">\n<div class=\"wp-block-button\"><a class=\"wp-block-button__link has-observatory-highlight-background-color has-background wp-element-button\" href=\"https:\/\/courses.minnalearn.com\/sv\/courses\/regenfarming\/overview\/\" target=\"_blank\" rel=\"noreferrer noopener\">Gratis n\u00e4tkurs om regenerativt jordbruk <img decoding=\"async\" class=\"wp-image-19\" style=\"width: 42px;\" src=\"\/wp-content\/uploads\/2023\/01\/ArrowRightWhite.svg\" alt=\"\"><\/a><\/div>\n<\/div>\n<\/div><\/div>\n","protected":false},"excerpt":{"rendered":"<p>KOLINLAGRANDE JORDBRUK STR\u00c4VAR EFTER FLERA F\u00d6RDELAR Kolinlagrande jordbruk str\u00e4var till att f\u00f6rb\u00e4ttra ekosystemets kolbalans, \u00f6ka kolinlagringen och minska utsl\u00e4ppen av v\u00e4xthusgaser. Inom jordbruket \u00e4r det en del av regenerativt jordbruk &#8211; allts\u00e5 ett s\u00e4tt att producera mat som gynnar b\u00e5de jordbrukaren och milj\u00f6n. H\u00e5llbar sk\u00f6tsel av skogar och parker har liknande m\u00e5l.<\/p>\n","protected":false},"author":2,"featured_media":0,"parent":0,"menu_order":0,"comment_status":"closed","ping_status":"closed","template":"","meta":{"inline_featured_image":false,"footnotes":""},"_links":{"self":[{"href":"https:\/\/www.fieldobservatory.org\/index.php\/wp-json\/wp\/v2\/pages\/2085"}],"collection":[{"href":"https:\/\/www.fieldobservatory.org\/index.php\/wp-json\/wp\/v2\/pages"}],"about":[{"href":"https:\/\/www.fieldobservatory.org\/index.php\/wp-json\/wp\/v2\/types\/page"}],"author":[{"embeddable":true,"href":"https:\/\/www.fieldobservatory.org\/index.php\/wp-json\/wp\/v2\/users\/2"}],"replies":[{"embeddable":true,"href":"https:\/\/www.fieldobservatory.org\/index.php\/wp-json\/wp\/v2\/comments?post=2085"}],"version-history":[{"count":5,"href":"https:\/\/www.fieldobservatory.org\/index.php\/wp-json\/wp\/v2\/pages\/2085\/revisions"}],"predecessor-version":[{"id":2299,"href":"https:\/\/www.fieldobservatory.org\/index.php\/wp-json\/wp\/v2\/pages\/2085\/revisions\/2299"}],"wp:attachment":[{"href":"https:\/\/www.fieldobservatory.org\/index.php\/wp-json\/wp\/v2\/media?parent=2085"}],"curies":[{"name":"wp","href":"https:\/\/api.w.org\/{rel}","templated":true}]}}