{"id":2091,"date":"2023-08-14T08:03:00","date_gmt":"2023-08-14T08:03:00","guid":{"rendered":"https:\/\/www.fieldobservatory.org\/?page_id=2091"},"modified":"2024-02-21T12:10:21","modified_gmt":"2024-02-21T12:10:21","slug":"hem","status":"publish","type":"page","link":"https:\/\/www.fieldobservatory.org\/index.php\/hem\/","title":{"rendered":"HEM"},"content":{"rendered":"<div class=\"wp-block-cover-full-width\">\n<div class=\"wp-block-cover is-light o-cover\" style=\"min-height:750px;aspect-ratio:unset;\"><span aria-hidden=\"true\" class=\"wp-block-cover__background has-background-dim-40 has-background-dim\" style=\"background-color:#dd9e48\"><\/span><img loading=\"lazy\" decoding=\"async\" width=\"2559\" height=\"2162\" class=\"wp-block-cover__image-background wp-image-1939\" alt=\"\" src=\"https:\/\/www.fieldobservatory.org\/wp-content\/uploads\/2023\/03\/padpellolla_cv3.png\" data-object-fit=\"cover\" srcset=\"https:\/\/www.fieldobservatory.org\/wp-content\/uploads\/2023\/03\/padpellolla_cv3.png 2559w, https:\/\/www.fieldobservatory.org\/wp-content\/uploads\/2023\/03\/padpellolla_cv3-300x253.png 300w, https:\/\/www.fieldobservatory.org\/wp-content\/uploads\/2023\/03\/padpellolla_cv3-1024x865.png 1024w, https:\/\/www.fieldobservatory.org\/wp-content\/uploads\/2023\/03\/padpellolla_cv3-768x649.png 768w, https:\/\/www.fieldobservatory.org\/wp-content\/uploads\/2023\/03\/padpellolla_cv3-1536x1298.png 1536w, https:\/\/www.fieldobservatory.org\/wp-content\/uploads\/2023\/03\/padpellolla_cv3-2048x1730.png 2048w\" sizes=\"(max-width: 2559px) 100vw, 2559px\" \/><div class=\"wp-block-cover__inner-container is-layout-flow wp-block-cover-is-layout-flow\">\n<h1 class=\"wp-block-heading has-text-align-center has-white-color has-text-color\">HUR MYCKET KOL LAGRAR V\u00c4XTER OCH JORD?<\/h1>\n\n\n\n<div style=\"height:50px\" aria-hidden=\"true\" class=\"wp-block-spacer\"><\/div>\n\n\n\n<div class=\"wp-block-buttons is-content-justification-center is-layout-flex wp-container-core-buttons-is-layout-1 wp-block-buttons-is-layout-flex\">\n<div class=\"wp-block-button title-p\"><a class=\"wp-block-button__link has-observatory-white-color has-observatory-highlight-background-color has-text-color has-background wp-element-button\" href=\"https:\/\/www.fieldobservatory.org\/index.php\/farms\/\">F\u00d6RS\u00d6KSG\u00c5RDAR<img decoding=\"async\" width=\"42\" class=\"wp-image-22\" style=\"width: 42px;\" src=\"https:\/\/www.fieldobservatory.org\/wp-content\/uploads\/2023\/01\/ArrowRightWhite.svg\" alt=\"\"><\/a><\/div>\n<\/div>\n<\/div><\/div>\n<\/div>\n\n\n<div class=\"wp-block-group intro-box-with-link has-background\" style=\"background-color:#71cdb6\"><div class=\"wp-block-group__inner-container is-layout-flow wp-block-group-is-layout-flow\">\n<h1 class=\"wp-block-heading has-text-align-center has-white-color has-text-color\">DATA DIREKT FR\u00c5N F\u00c4LTET<\/h1>\n\n\n\n<p class=\"has-text-align-center h1pc has-white-color has-text-color\">Olika \u00e5tg\u00e4rder inom jordbruk, skogsbruk och i parker kan hejda klimatf\u00f6r\u00e4ndringen. Inom Carbon Action arbetar jordbrukare, f\u00f6retag och forskare tillsammans f\u00f6r att utveckla regenerativa (dvs. f\u00f6rnybara) metoder som binder atmosf\u00e4riskt kol, st\u00f6djer anpassning till klimatf\u00f6r\u00e4ndringen, samt fr\u00e4mjar b\u00e5de biologisk m\u00e5ngfald och h\u00e5llbar markanv\u00e4ndning. Vilka egentliga effekter har detta p\u00e5 ekosystemfunktioner och kolinlagring? Field Observatory str\u00e4var efter att ge svar p\u00e5 fr\u00e5gorna.<\/p>\n\n\n\n<div class=\"wp-block-group is-content-justification-center is-nowrap is-layout-flex wp-container-core-group-is-layout-1 wp-block-group-is-layout-flex\">\n<div class=\"wp-block-buttons is-content-justification-center is-layout-flex wp-container-core-buttons-is-layout-2 wp-block-buttons-is-layout-flex\">\n<div class=\"wp-block-button intro-box-link\"><a class=\"wp-block-button__link has-white-color has-observatory-highlight-background-color has-text-color has-background wp-element-button\" href=\"https:\/\/www.fieldobservatory.org\/index.php\/farms\/\" style=\"border-radius:0px\">F\u00e4ltdata <img decoding=\"async\" width=\"42\" class=\"wp-image-22\" style=\"width: 42px;\" src=\"https:\/\/www.fieldobservatory.org\/wp-content\/uploads\/2023\/01\/ArrowRightWhite.svg\" alt=\"\"><style type=\"text\/css\"> .st0{fill:#FFFFFF;} .st1{fill:none;stroke:#74C9B4;stroke-width:0.75;stroke-miterlimit:10;} <\/style><\/a><\/div>\n<\/div>\n\n\n\n<div class=\"wp-block-buttons is-content-justification-center is-layout-flex wp-container-core-buttons-is-layout-3 wp-block-buttons-is-layout-flex\">\n<div class=\"wp-block-button intro-box-link\"><a class=\"wp-block-button__link has-white-color has-observatory-highlight-background-color has-text-color has-background wp-element-button\" href=\"https:\/\/www.fieldobservatory.org\/index.php\/online-field-data\/\" style=\"border-radius:0px\">F\u00f6rs\u00f6ksg\u00e5rdar <img decoding=\"async\" width=\"42\" class=\"wp-image-22\" style=\"width: 42px;\" src=\"https:\/\/www.fieldobservatory.org\/wp-content\/uploads\/2023\/01\/ArrowRightWhite.svg\" alt=\"\"><style type=\"text\/css\"> .st0{fill:#FFFFFF;} .st1{fill:none;stroke:#74C9B4;stroke-width:0.75;stroke-miterlimit:10;} <\/style><\/a><\/div>\n<\/div>\n<\/div>\n<\/div><\/div>\n\n\n\n<div class=\"wp-block-columns o-columns-block cols-align-bottom is-layout-flex wp-container-core-columns-is-layout-1 wp-block-columns-is-layout-flex\">\n<div class=\"wp-block-column is-layout-flow wp-block-column-is-layout-flow\">\n<figure class=\"wp-block-image size-full\"><img loading=\"lazy\" decoding=\"async\" width=\"888\" height=\"888\" src=\"https:\/\/www.fieldobservatory.org\/wp-content\/uploads\/2023\/01\/nainentutkiisatoaq90-edited.jpg\" alt=\"\" class=\"wp-image-5\" srcset=\"https:\/\/www.fieldobservatory.org\/wp-content\/uploads\/2023\/01\/nainentutkiisatoaq90-edited.jpg 888w, https:\/\/www.fieldobservatory.org\/wp-content\/uploads\/2023\/01\/nainentutkiisatoaq90-edited-300x300.jpg 300w, https:\/\/www.fieldobservatory.org\/wp-content\/uploads\/2023\/01\/nainentutkiisatoaq90-edited-150x150.jpg 150w, https:\/\/www.fieldobservatory.org\/wp-content\/uploads\/2023\/01\/nainentutkiisatoaq90-edited-768x768.jpg 768w\" sizes=\"(max-width: 888px) 100vw, 888px\" \/><\/figure>\n\n\n\n<h3 class=\"wp-block-heading link-no-style\"><a href=\"https:\/\/www.fieldobservatory.org\/index.php\/research\/\" data-type=\"page\" data-id=\"1279\">FORSKNING<\/a><\/h3>\n\n\n\n<p class=\"h3pc link-no-style\"><a href=\"https:\/\/www.fieldobservatory.org\/index.php\/research\/\" data-type=\"page\" data-id=\"1279\">M\u00e4tningar i f\u00e4lt och i laboratorium, satellitdata och modellering anv\u00e4nds f\u00f6r att studera effekterna av regenerativ markanv\u00e4ndning.<\/a><\/p>\n\n\n<div class=\"wp-block-image o-front-arrow-right-green\">\n<figure class=\"alignright size-large\"><a href=\"https:\/\/www.fieldobservatory.org\/index.php\/research\/\"><img decoding=\"async\"  src=\"https:\/\/www.fieldobservatory.org\/wp-content\/uploads\/2023\/01\/ArrowRightGreen.svg\" alt=\"\" class=\"wp-image-21\"\/><\/a><\/figure><\/div><\/div>\n\n\n\n<div class=\"wp-block-column is-layout-flow wp-block-column-is-layout-flow\">\n<figure class=\"wp-block-image size-full\"><img loading=\"lazy\" decoding=\"async\" width=\"638\" height=\"638\" src=\"https:\/\/www.fieldobservatory.org\/wp-content\/uploads\/2023\/01\/myllerrettypelto1q80-edited.jpg\" alt=\"\" class=\"wp-image-50\" srcset=\"https:\/\/www.fieldobservatory.org\/wp-content\/uploads\/2023\/01\/myllerrettypelto1q80-edited.jpg 638w, https:\/\/www.fieldobservatory.org\/wp-content\/uploads\/2023\/01\/myllerrettypelto1q80-edited-300x300.jpg 300w, https:\/\/www.fieldobservatory.org\/wp-content\/uploads\/2023\/01\/myllerrettypelto1q80-edited-150x150.jpg 150w\" sizes=\"(max-width: 638px) 100vw, 638px\" \/><\/figure>\n\n\n\n<h3 class=\"wp-block-heading link-no-style\"><a href=\"https:\/\/www.fieldobservatory.org\/index.php\/online-field-data\/\" data-type=\"page\" data-id=\"74\">F\u00c4LTDATA<\/a><\/h3>\n\n\n\n<p class=\"h3pc link-no-style\"><a href=\"https:\/\/www.fieldobservatory.org\/index.php\/online-field-data\/\" data-type=\"page\" data-id=\"74\">Field Observatory visar data i n\u00e4ra realtid fr\u00e5n g\u00e5rdar och forskningsomr\u00e5den.<\/a><\/p>\n\n\n<div class=\"wp-block-image o-front-arrow-right-green\">\n<figure class=\"alignright size-large\"><a href=\"https:\/\/www.fieldobservatory.org\/index.php\/online-field-data\/\"><img decoding=\"async\"  src=\"https:\/\/www.fieldobservatory.org\/wp-content\/uploads\/2023\/01\/ArrowRightGreen.svg\" alt=\"\" class=\"wp-image-21\"\/><\/a><\/figure><\/div><\/div>\n\n\n\n<div class=\"wp-block-column is-layout-flow wp-block-column-is-layout-flow\">\n<figure class=\"wp-block-image size-full\"><img loading=\"lazy\" decoding=\"async\" width=\"638\" height=\"638\" src=\"https:\/\/www.fieldobservatory.org\/wp-content\/uploads\/2023\/01\/Lehmasyksy1q80-edited.jpg\" alt=\"\" class=\"wp-image-43\" srcset=\"https:\/\/www.fieldobservatory.org\/wp-content\/uploads\/2023\/01\/Lehmasyksy1q80-edited.jpg 638w, https:\/\/www.fieldobservatory.org\/wp-content\/uploads\/2023\/01\/Lehmasyksy1q80-edited-300x300.jpg 300w, https:\/\/www.fieldobservatory.org\/wp-content\/uploads\/2023\/01\/Lehmasyksy1q80-edited-150x150.jpg 150w\" sizes=\"(max-width: 638px) 100vw, 638px\" \/><\/figure>\n\n\n\n<h3 class=\"wp-block-heading link-no-style\"><a href=\"https:\/\/www.fieldobservatory.org\/index.php\/carbon-farming\/\" data-type=\"page\" data-id=\"1280\">KOLINGLAGRANDE JORDBRUK<\/a><\/h3>\n\n\n\n<p class=\"h3pc link-no-style\"><a href=\"https:\/\/www.fieldobservatory.org\/index.php\/carbon-farming\/\" data-type=\"page\" data-id=\"1280\">Olika odlingsmetoder kan f\u00f6rb\u00e4ttra ekosystemens kolbalans. En noggrann \u00f6vervakning \u00e4r v\u00e4sentligt d\u00e5 effektiva metoder utvecklas f\u00f6r olika ekosystem.<\/a><\/p>\n\n\n<div class=\"wp-block-image o-front-arrow-right-green\">\n<figure class=\"alignright size-large\"><a href=\"https:\/\/www.fieldobservatory.org\/index.php\/carbon-farming\/\"><img decoding=\"async\"  src=\"https:\/\/www.fieldobservatory.org\/wp-content\/uploads\/2023\/01\/ArrowRightGreen.svg\" alt=\"\" class=\"wp-image-21\"\/><\/a><\/figure><\/div><\/div>\n\n\n\n<div class=\"wp-block-column is-layout-flow wp-block-column-is-layout-flow\">\n<figure class=\"wp-block-image size-full\"><img loading=\"lazy\" decoding=\"async\" width=\"638\" height=\"638\" src=\"https:\/\/www.fieldobservatory.org\/wp-content\/uploads\/2023\/01\/peltoyhteistyo1q80-edited.jpg\" alt=\"\" class=\"wp-image-67\" srcset=\"https:\/\/www.fieldobservatory.org\/wp-content\/uploads\/2023\/01\/peltoyhteistyo1q80-edited.jpg 638w, https:\/\/www.fieldobservatory.org\/wp-content\/uploads\/2023\/01\/peltoyhteistyo1q80-edited-300x300.jpg 300w, https:\/\/www.fieldobservatory.org\/wp-content\/uploads\/2023\/01\/peltoyhteistyo1q80-edited-150x150.jpg 150w\" sizes=\"(max-width: 638px) 100vw, 638px\" \/><\/figure>\n\n\n\n<h3 class=\"wp-block-heading link-no-style\"><a href=\"https:\/\/www.fieldobservatory.org\/index.php\/about\/\" data-type=\"page\" data-id=\"73\">CARBON ACTION<\/a><\/h3>\n\n\n\n<p class=\"h3pc link-no-style\"><a href=\"https:\/\/www.fieldobservatory.org\/index.php\/about\/\" data-type=\"page\" data-id=\"73\">Inom Carbon Action jobbar jordbrukare, f\u00f6retag och forskare tillsammans f\u00f6r att fr\u00e4mja regenerativ markanv\u00e4ndning i olika ekosystem.<\/a><\/p>\n\n\n<div class=\"wp-block-image o-front-arrow-right-green\">\n<figure class=\"alignright size-large\"><a href=\"https:\/\/www.fieldobservatory.org\/index.php\/about\/\"><img decoding=\"async\"  src=\"https:\/\/www.fieldobservatory.org\/wp-content\/uploads\/2023\/01\/ArrowRightGreen.svg\" alt=\"\" class=\"wp-image-21\"\/><\/a><\/figure><\/div><\/div>\n<\/div>\n\n\n\n<div style=\"height:100px\" aria-hidden=\"true\" id=\"casestudies\" class=\"wp-block-spacer\"><\/div>\n\n\n\n<div class=\"wp-block-group observatory-case-left observatory-case\"><div class=\"wp-block-group__inner-container is-layout-flow wp-block-group-is-layout-flow\">\n<div class=\"wp-block-columns cols-align-bottom is-layout-flex wp-container-core-columns-is-layout-2 wp-block-columns-is-layout-flex\">\n<div class=\"wp-block-column observatory-case-column is-layout-flow wp-block-column-is-layout-flow\">\n<figure class=\"wp-block-image size-large\"><img loading=\"lazy\" decoding=\"async\" width=\"1024\" height=\"683\" src=\"https:\/\/www.fieldobservatory.org\/wp-content\/uploads\/2023\/01\/Qvidja-MaijaAstikainen-1584-1600x0-c-default-1024x683.jpg\" alt=\"\" class=\"wp-image-70\" srcset=\"https:\/\/www.fieldobservatory.org\/wp-content\/uploads\/2023\/01\/Qvidja-MaijaAstikainen-1584-1600x0-c-default-1024x683.jpg 1024w, https:\/\/www.fieldobservatory.org\/wp-content\/uploads\/2023\/01\/Qvidja-MaijaAstikainen-1584-1600x0-c-default-300x200.jpg 300w, https:\/\/www.fieldobservatory.org\/wp-content\/uploads\/2023\/01\/Qvidja-MaijaAstikainen-1584-1600x0-c-default-768x512.jpg 768w, https:\/\/www.fieldobservatory.org\/wp-content\/uploads\/2023\/01\/Qvidja-MaijaAstikainen-1584-1600x0-c-default-1536x1024.jpg 1536w, https:\/\/www.fieldobservatory.org\/wp-content\/uploads\/2023\/01\/Qvidja-MaijaAstikainen-1584-1600x0-c-default.jpg 1600w\" sizes=\"(max-width: 1024px) 100vw, 1024px\" \/><\/figure>\n<\/div>\n\n\n\n<div class=\"wp-block-column observatory-case-column has-observatory-highlight-background-color has-background is-layout-flow wp-block-column-is-layout-flow\">\n<h2 class=\"wp-block-heading o-case-padding has-observatory-white-color has-text-color\">QVIDJA G\u00c5RD <\/h2>\n\n\n\n<p class=\"h2pc o-case-padding link-no-style has-observatory-white-color has-text-color\">Qvidja g\u00e5rden i Pargas, sydv\u00e4stra Finland, bedriver regenerativt jordbruk och fungerar som en av Carbon Actions s.k. intensiva forskningsg\u00e5rdar. Principerna inom jordbruksmetoderna i <a rel=\"noreferrer noopener\" href=\"https:\/\/www.qvidja.fi\/en\/front-page\/\" data-type=\"URL\" data-id=\"https:\/\/www.qvidja.fi\/en\/front-page\/\" target=\"_blank\">Qvidja<\/a> bygger p\u00e5 naturens m\u00e5ngfald och kolinlagring.<\/p>\n\n\n\n<div class=\"wp-block-group observatory-case-row is-nowrap is-layout-flex wp-container-core-group-is-layout-3 wp-block-group-is-layout-flex\">\n<div class=\"wp-block-buttons is-layout-flex wp-block-buttons-is-layout-flex\">\n<div class=\"wp-block-button o-column-button\"><a class=\"wp-block-button__link has-observatory-white-color has-observatory-highlight-background-color has-text-color has-background wp-element-button\" href=\"https:\/\/www.fieldobservatory.org\/index.php\/case-qvidja\/\">Read more about Qvidja<img decoding=\"async\" width=\"42\" class=\"wp-image-22\" style=\"width: 42px;\" src=\"https:\/\/www.fieldobservatory.org\/wp-content\/uploads\/2023\/01\/ArrowRightWhite.svg\" alt=\"\"><style type=\"text\/css\"> .st0{fill:#FFFFFF;} .st1{fill:none;stroke:#74C9B4;stroke-width:0.75;stroke-miterlimit:10;} <\/style><\/a><\/div>\n<\/div>\n<\/div>\n<\/div>\n<\/div>\n<\/div><\/div>\n\n\n\n<div class=\"wp-block-group observatory-case-right observatory-case\"><div class=\"wp-block-group__inner-container is-layout-flow wp-block-group-is-layout-flow\">\n<div class=\"wp-block-columns cols-align-bottom is-layout-flex wp-container-core-columns-is-layout-3 wp-block-columns-is-layout-flex\">\n<div class=\"wp-block-column observatory-case-column has-observatory-highlight-background-color has-background is-layout-flow wp-block-column-is-layout-flow\">\n<h2 class=\"wp-block-heading o-case-padding has-observatory-white-color has-text-color\">TOMTBACKA G\u00c5RD<\/h2>\n\n\n\n<p class=\"h2pc o-case-padding link-no-style has-observatory-white-color has-text-color\">Helsingfors stad \u00e4ger Tomtbacka g\u00e5rd d\u00e4r m\u00e5let \u00e4r att f\u00f6rb\u00e4ttra \u00e5krarnas klimatp\u00e5verkan och jordh\u00e4lsa. Helsingfors universitet och Meteorologiska institutet f\u00f6ljer med utvecklingen p\u00e5 forskningsomr\u00e5det. P\u00e5 Tomtbacka g\u00e5rd finns en av universitetets <a href=\"https:\/\/www.atm.helsinki.fi\/smear\/index.php\/smear-agri\" data-type=\"URL\" data-id=\"https:\/\/www.atm.helsinki.fi\/smear\/index.php\/smear-agri\" target=\"_blank\" rel=\"noreferrer noopener\">SMEAR-Agri m\u00e4tningsstationer<\/a>.<\/p>\n\n\n\n<div class=\"wp-block-group observatory-case-row is-content-justification-left is-nowrap is-layout-flex wp-container-core-group-is-layout-5 wp-block-group-is-layout-flex\">\n<div class=\"wp-block-buttons is-content-justification-left is-layout-flex wp-container-core-buttons-is-layout-5 wp-block-buttons-is-layout-flex\">\n<div class=\"wp-block-button has-custom-width wp-block-button__width-100 o-column-button\"><a class=\"wp-block-button__link has-observatory-white-color has-observatory-highlight-background-color has-text-color has-background wp-element-button\" href=\"https:\/\/www.fieldobservatory.org\/index.php\/case-haltiala\/\">L\u00e4s mera om Tomtbacka g\u00e5rd <img decoding=\"async\" width=\"42\" class=\"wp-image-22\" style=\"width: 42px;\" src=\"https:\/\/www.fieldobservatory.org\/wp-content\/uploads\/2023\/01\/ArrowRightWhite.svg\" alt=\"\"><\/a><\/div>\n<\/div>\n<\/div>\n<\/div>\n\n\n\n<div class=\"wp-block-column observatory-case-column is-layout-flow wp-block-column-is-layout-flow\">\n<figure class=\"wp-block-image size-full\"><img loading=\"lazy\" decoding=\"async\" width=\"800\" height=\"532\" src=\"https:\/\/www.fieldobservatory.org\/wp-content\/uploads\/2023\/01\/haltiala-lammas.jpg\" alt=\"\" class=\"wp-image-33\" srcset=\"https:\/\/www.fieldobservatory.org\/wp-content\/uploads\/2023\/01\/haltiala-lammas.jpg 800w, https:\/\/www.fieldobservatory.org\/wp-content\/uploads\/2023\/01\/haltiala-lammas-300x200.jpg 300w, https:\/\/www.fieldobservatory.org\/wp-content\/uploads\/2023\/01\/haltiala-lammas-768x511.jpg 768w\" sizes=\"(max-width: 800px) 100vw, 800px\" \/><\/figure>\n<\/div>\n<\/div>\n<\/div><\/div>\n\n\n\n<div class=\"wp-block-group observatory-case-left observatory-case\"><div class=\"wp-block-group__inner-container is-layout-flow wp-block-group-is-layout-flow\">\n<div class=\"wp-block-columns cols-align-bottom is-layout-flex wp-container-core-columns-is-layout-4 wp-block-columns-is-layout-flex\">\n<div class=\"wp-block-column observatory-case-column is-layout-flow wp-block-column-is-layout-flow\">\n<figure class=\"wp-block-image size-large\"><img loading=\"lazy\" decoding=\"async\" width=\"1024\" height=\"577\" src=\"https:\/\/www.fieldobservatory.org\/wp-content\/uploads\/2023\/05\/viikki_lehmat-1024x577.jpg\" alt=\"\" class=\"wp-image-2052\" srcset=\"https:\/\/www.fieldobservatory.org\/wp-content\/uploads\/2023\/05\/viikki_lehmat-1024x577.jpg 1024w, https:\/\/www.fieldobservatory.org\/wp-content\/uploads\/2023\/05\/viikki_lehmat-300x169.jpg 300w, https:\/\/www.fieldobservatory.org\/wp-content\/uploads\/2023\/05\/viikki_lehmat-768x432.jpg 768w, https:\/\/www.fieldobservatory.org\/wp-content\/uploads\/2023\/05\/viikki_lehmat-1536x865.jpg 1536w, https:\/\/www.fieldobservatory.org\/wp-content\/uploads\/2023\/05\/viikki_lehmat-2048x1153.jpg 2048w\" sizes=\"(max-width: 1024px) 100vw, 1024px\" \/><\/figure>\n<\/div>\n\n\n\n<div class=\"wp-block-column observatory-case-column has-observatory-highlight-background-color has-background is-layout-flow wp-block-column-is-layout-flow\">\n<h2 class=\"wp-block-heading o-case-padding has-observatory-white-color has-text-color\">VIKS F\u00d6RS\u00d6KSG\u00c5RD<\/h2>\n\n\n\n<p class=\"h2pc o-case-padding link-no-style has-observatory-white-color has-text-color\">Helsingfors universitet ut\u00f6ver omfattande forskning p\u00e5 f\u00f6rs\u00f6ksg\u00e5rden i Vik. P\u00e5 Viks f\u00f6rs\u00f6ksg\u00e5rd finns en av universitetets <a href=\"https:\/\/www.atm.helsinki.fi\/smear\/index.php\/smear-agri\" data-type=\"URL\" data-id=\"https:\/\/www.atm.helsinki.fi\/smear\/index.php\/smear-agri\" target=\"_blank\" rel=\"noreferrer noopener\">SMEAR-Agri m\u00e4tningsstationer<\/a>.<\/p>\n\n\n\n<div class=\"wp-block-group observatory-case-row is-nowrap is-layout-flex wp-container-core-group-is-layout-7 wp-block-group-is-layout-flex\">\n<div class=\"wp-block-buttons is-layout-flex wp-block-buttons-is-layout-flex\">\n<div class=\"wp-block-button o-column-button\"><a class=\"wp-block-button__link has-observatory-white-color has-observatory-highlight-background-color has-text-color has-background wp-element-button\" href=\"https:\/\/www.fieldobservatory.org\/index.php\/case-viikki\/\">L\u00e4s mera om Viks f\u00f6rs\u00f6ksg\u00e5rd <img decoding=\"async\" width=\"42\" class=\"wp-image-22\" style=\"width: 42px;\" src=\"https:\/\/www.fieldobservatory.org\/wp-content\/uploads\/2023\/01\/ArrowRightWhite.svg\" alt=\"\"><style type=\"text\/css\"> .st0{fill:#FFFFFF;} .st1{fill:none;stroke:#74C9B4;stroke-width:0.75;stroke-miterlimit:10;} <\/style><\/a><\/div>\n<\/div>\n<\/div>\n<\/div>\n<\/div>\n<\/div><\/div>\n","protected":false},"excerpt":{"rendered":"<p>DATA DIREKT FR\u00c5N F\u00c4LTET Olika \u00e5tg\u00e4rder inom jordbruk, skogsbruk och i parker kan hejda klimatf\u00f6r\u00e4ndringen. Inom Carbon Action arbetar jordbrukare, f\u00f6retag och forskare tillsammans f\u00f6r att utveckla regenerativa (dvs. f\u00f6rnybara) metoder som binder atmosf\u00e4riskt kol, st\u00f6djer anpassning till klimatf\u00f6r\u00e4ndringen, samt fr\u00e4mjar b\u00e5de biologisk m\u00e5ngfald och h\u00e5llbar markanv\u00e4ndning. Vilka egentliga effekter har detta p\u00e5 ekosystemfunktioner och [&hellip;]<\/p>\n","protected":false},"author":2,"featured_media":0,"parent":0,"menu_order":0,"comment_status":"closed","ping_status":"closed","template":"","meta":{"inline_featured_image":false,"footnotes":""},"_links":{"self":[{"href":"https:\/\/www.fieldobservatory.org\/index.php\/wp-json\/wp\/v2\/pages\/2091"}],"collection":[{"href":"https:\/\/www.fieldobservatory.org\/index.php\/wp-json\/wp\/v2\/pages"}],"about":[{"href":"https:\/\/www.fieldobservatory.org\/index.php\/wp-json\/wp\/v2\/types\/page"}],"author":[{"embeddable":true,"href":"https:\/\/www.fieldobservatory.org\/index.php\/wp-json\/wp\/v2\/users\/2"}],"replies":[{"embeddable":true,"href":"https:\/\/www.fieldobservatory.org\/index.php\/wp-json\/wp\/v2\/comments?post=2091"}],"version-history":[{"count":7,"href":"https:\/\/www.fieldobservatory.org\/index.php\/wp-json\/wp\/v2\/pages\/2091\/revisions"}],"predecessor-version":[{"id":2294,"href":"https:\/\/www.fieldobservatory.org\/index.php\/wp-json\/wp\/v2\/pages\/2091\/revisions\/2294"}],"wp:attachment":[{"href":"https:\/\/www.fieldobservatory.org\/index.php\/wp-json\/wp\/v2\/media?parent=2091"}],"curies":[{"name":"wp","href":"https:\/\/api.w.org\/{rel}","templated":true}]}}