{"id":2101,"date":"2023-08-14T08:02:57","date_gmt":"2023-08-14T08:02:57","guid":{"rendered":"https:\/\/www.fieldobservatory.org\/?page_id=2101"},"modified":"2024-02-21T11:51:37","modified_gmt":"2024-02-21T11:51:37","slug":"forsoksgardar","status":"publish","type":"page","link":"https:\/\/www.fieldobservatory.org\/index.php\/forsoksgardar\/","title":{"rendered":"F\u00d6RS\u00d6KSG\u00c5RDAR"},"content":{"rendered":"<div class=\"wp-block-cover-full-width\">\n<div class=\"wp-block-cover is-light o-cover-subpage\"><span aria-hidden=\"true\" class=\"wp-block-cover__background has-background-dim\"><\/span><img loading=\"lazy\" decoding=\"async\" width=\"1628\" height=\"916\" class=\"wp-block-cover__image-background wp-image-58\" alt=\"\" src=\"https:\/\/www.fieldobservatory.org\/wp-content\/uploads\/2023\/01\/pelto_CA_resized-1.jpg\" data-object-fit=\"cover\" srcset=\"https:\/\/www.fieldobservatory.org\/wp-content\/uploads\/2023\/01\/pelto_CA_resized-1.jpg 1628w, https:\/\/www.fieldobservatory.org\/wp-content\/uploads\/2023\/01\/pelto_CA_resized-1-300x169.jpg 300w, https:\/\/www.fieldobservatory.org\/wp-content\/uploads\/2023\/01\/pelto_CA_resized-1-1024x576.jpg 1024w, https:\/\/www.fieldobservatory.org\/wp-content\/uploads\/2023\/01\/pelto_CA_resized-1-768x432.jpg 768w, https:\/\/www.fieldobservatory.org\/wp-content\/uploads\/2023\/01\/pelto_CA_resized-1-1536x864.jpg 1536w\" sizes=\"(max-width: 1628px) 100vw, 1628px\" \/><div class=\"wp-block-cover__inner-container is-layout-flow wp-block-cover-is-layout-flow\">\n<p class=\"has-text-align-center has-large-font-size\"><\/p>\n<\/div><\/div>\n<\/div>\n\n\n<div class=\"wp-block-group intro-box-with-link has-background\" style=\"background-color:#71cdb6\"><div class=\"wp-block-group__inner-container is-layout-flow wp-block-group-is-layout-flow\">\n<h1 class=\"wp-block-heading has-text-align-center has-white-color has-text-color\">SHOWCASES<\/h1>\n\n\n\n<p class=\"has-text-align-center h1pc has-white-color has-text-color\">Vi beskriver n\u00e5gra av v\u00e5ra intensiva f\u00f6rs\u00f6ksg\u00e5rdar mer ing\u00e5ende och ger en insikt till arbetet som g\u00f6rs p\u00e5 g\u00e5rdarna.<\/p>\n\n\n\n<div class=\"wp-block-group is-content-justification-center is-nowrap is-layout-flex wp-container-core-group-is-layout-1 wp-block-group-is-layout-flex\">\n<div class=\"wp-block-buttons is-content-justification-center is-layout-flex wp-container-core-buttons-is-layout-1 wp-block-buttons-is-layout-flex\"><\/div>\n<\/div>\n<\/div><\/div>\n\n\n\n<div class=\"wp-block-group o-page-overlay o-inline-content\"><div class=\"wp-block-group__inner-container is-layout-constrained wp-block-group-is-layout-constrained\">\n<div class=\"wp-block-group observatory-case-left observatory-case\"><div class=\"wp-block-group__inner-container is-layout-flow wp-block-group-is-layout-flow\">\n<div class=\"wp-block-columns cols-align-bottom is-layout-flex wp-container-core-columns-is-layout-1 wp-block-columns-is-layout-flex\">\n<div class=\"wp-block-column observatory-case-column is-layout-flow wp-block-column-is-layout-flow\">\n<figure class=\"wp-block-image size-large\"><img loading=\"lazy\" decoding=\"async\" width=\"1024\" height=\"683\" src=\"https:\/\/www.fieldobservatory.org\/wp-content\/uploads\/2023\/01\/Qvidja-MaijaAstikainen-1584-1600x0-c-default-1024x683.jpg\" alt=\"\" class=\"wp-image-70\" srcset=\"https:\/\/www.fieldobservatory.org\/wp-content\/uploads\/2023\/01\/Qvidja-MaijaAstikainen-1584-1600x0-c-default-1024x683.jpg 1024w, https:\/\/www.fieldobservatory.org\/wp-content\/uploads\/2023\/01\/Qvidja-MaijaAstikainen-1584-1600x0-c-default-300x200.jpg 300w, https:\/\/www.fieldobservatory.org\/wp-content\/uploads\/2023\/01\/Qvidja-MaijaAstikainen-1584-1600x0-c-default-768x512.jpg 768w, https:\/\/www.fieldobservatory.org\/wp-content\/uploads\/2023\/01\/Qvidja-MaijaAstikainen-1584-1600x0-c-default-1536x1024.jpg 1536w, https:\/\/www.fieldobservatory.org\/wp-content\/uploads\/2023\/01\/Qvidja-MaijaAstikainen-1584-1600x0-c-default.jpg 1600w\" sizes=\"(max-width: 1024px) 100vw, 1024px\" \/><\/figure>\n<\/div>\n\n\n\n<div class=\"wp-block-column observatory-case-column has-observatory-highlight-background-color has-background is-layout-flow wp-block-column-is-layout-flow\">\n<h2 class=\"wp-block-heading has-observatory-white-color has-text-color\">QVIDJA G\u00c5RD<\/h2>\n\n\n\n<p class=\"h2pc o-case-padding link-no-style has-observatory-white-color has-text-color\">Qvidja g\u00e5rden i Pargas, sydv\u00e4stra Finland, bedriver regenerativt jordbruk och fungerar som en av Carbon Actions s.k. intensiva forskningsg\u00e5rdar. Principerna inom jordbruksmetoderna i <a href=\"https:\/\/www.qvidja.fi\/en\/front-page\/\" data-type=\"URL\" data-id=\"https:\/\/www.qvidja.fi\/en\/front-page\/\" target=\"_blank\" rel=\"noreferrer noopener\">Qvidja<\/a> bygger p\u00e5 naturens m\u00e5ngfald och kolinlagring.<\/p>\n\n\n\n<div class=\"wp-block-group observatory-case-row is-nowrap is-layout-flex wp-container-core-group-is-layout-3 wp-block-group-is-layout-flex\">\n<div class=\"wp-block-buttons is-layout-flex wp-block-buttons-is-layout-flex\">\n<div class=\"wp-block-button o-column-button\"><a class=\"wp-block-button__link has-observatory-white-color has-observatory-highlight-background-color has-text-color has-background wp-element-button\" href=\"https:\/\/www.fieldobservatory.org\/index.php\/sv\/qvidja-gard\/\">L\u00e4s mera om Qvidja<img decoding=\"async\" width=\"42\" class=\"wp-image-22\" style=\"width: 42px;\" src=\"https:\/\/www.fieldobservatory.org\/wp-content\/uploads\/2023\/01\/ArrowRightWhite.svg\" alt=\"\"><style type=\"text\/css\"> .st0{fill:#FFFFFF;} .st1{fill:none;stroke:#74C9B4;stroke-width:0.75;stroke-miterlimit:10;} <\/style><\/a><\/div>\n<\/div>\n<\/div>\n<\/div>\n<\/div>\n<\/div><\/div>\n\n\n\n<div class=\"wp-block-group observatory-case-right observatory-case\"><div class=\"wp-block-group__inner-container is-layout-flow wp-block-group-is-layout-flow\">\n<div class=\"wp-block-columns cols-align-bottom is-layout-flex wp-container-core-columns-is-layout-2 wp-block-columns-is-layout-flex\">\n<div class=\"wp-block-column observatory-case-column has-observatory-highlight-background-color has-background is-layout-flow wp-block-column-is-layout-flow\">\n<h2 class=\"wp-block-heading has-observatory-white-color has-text-color\">TOMTBACKA G\u00c5RD<\/h2>\n\n\n\n<p class=\"h2pc o-case-padding link-no-style has-observatory-white-color has-text-color\">Helsingfors stad \u00e4ger Tomtbacka g\u00e5rd d\u00e4r m\u00e5let \u00e4r att f\u00f6rb\u00e4ttra \u00e5krarnas klimatp\u00e5verkan och jordh\u00e4lsa. Helsingfors universitet och Meteorologiska institutet f\u00f6ljer med utvecklingen p\u00e5 forskningsomr\u00e5det. P\u00e5 Tomtbacka g\u00e5rd finns en av universitetets <a href=\"https:\/\/www.atm.helsinki.fi\/smear\/index.php\/smear-agri\" data-type=\"URL\" data-id=\"https:\/\/www.atm.helsinki.fi\/smear\/index.php\/smear-agri\" target=\"_blank\" rel=\"noreferrer noopener\">SMEAR-Agri <\/a>m\u00e4tningsstationer.<\/p>\n\n\n\n<div class=\"wp-block-group observatory-case-row is-nowrap is-layout-flex wp-container-core-group-is-layout-5 wp-block-group-is-layout-flex\">\n<div class=\"wp-block-buttons is-layout-flex wp-block-buttons-is-layout-flex\">\n<div class=\"wp-block-button has-custom-width wp-block-button__width-100 o-column-button\"><a class=\"wp-block-button__link has-observatory-white-color has-observatory-highlight-background-color has-text-color has-background wp-element-button\" href=\"https:\/\/www.fieldobservatory.org\/index.php\/sv\/tomtbacka-gard-helsingfors\/\">L\u00e4s mera om Tomtbacka g\u00e5rd <img decoding=\"async\" width=\"42\" class=\"wp-image-22\" style=\"width: 42px;\" src=\"https:\/\/www.fieldobservatory.org\/wp-content\/uploads\/2023\/01\/ArrowRightWhite.svg\" alt=\"\"><\/a><\/div>\n<\/div>\n<\/div>\n<\/div>\n\n\n\n<div class=\"wp-block-column observatory-case-column is-layout-flow wp-block-column-is-layout-flow\">\n<figure class=\"wp-block-image size-full\"><img loading=\"lazy\" decoding=\"async\" width=\"800\" height=\"532\" src=\"https:\/\/www.fieldobservatory.org\/wp-content\/uploads\/2023\/01\/haltiala-lammas.jpg\" alt=\"\" class=\"wp-image-33\" srcset=\"https:\/\/www.fieldobservatory.org\/wp-content\/uploads\/2023\/01\/haltiala-lammas.jpg 800w, https:\/\/www.fieldobservatory.org\/wp-content\/uploads\/2023\/01\/haltiala-lammas-300x200.jpg 300w, https:\/\/www.fieldobservatory.org\/wp-content\/uploads\/2023\/01\/haltiala-lammas-768x511.jpg 768w\" sizes=\"(max-width: 800px) 100vw, 800px\" \/><\/figure>\n<\/div>\n<\/div>\n<\/div><\/div>\n\n\n\n<div class=\"wp-block-group observatory-case-left observatory-case\"><div class=\"wp-block-group__inner-container is-layout-flow wp-block-group-is-layout-flow\">\n<div class=\"wp-block-columns cols-align-bottom is-layout-flex wp-container-core-columns-is-layout-3 wp-block-columns-is-layout-flex\">\n<div class=\"wp-block-column observatory-case-column is-layout-flow wp-block-column-is-layout-flow\">\n<figure class=\"wp-block-image size-large\"><img loading=\"lazy\" decoding=\"async\" width=\"1024\" height=\"577\" src=\"https:\/\/www.fieldobservatory.org\/wp-content\/uploads\/2023\/05\/viikki_lehmat-1024x577.jpg\" alt=\"\" class=\"wp-image-2052\" srcset=\"https:\/\/www.fieldobservatory.org\/wp-content\/uploads\/2023\/05\/viikki_lehmat-1024x577.jpg 1024w, https:\/\/www.fieldobservatory.org\/wp-content\/uploads\/2023\/05\/viikki_lehmat-300x169.jpg 300w, https:\/\/www.fieldobservatory.org\/wp-content\/uploads\/2023\/05\/viikki_lehmat-768x432.jpg 768w, https:\/\/www.fieldobservatory.org\/wp-content\/uploads\/2023\/05\/viikki_lehmat-1536x865.jpg 1536w, https:\/\/www.fieldobservatory.org\/wp-content\/uploads\/2023\/05\/viikki_lehmat-2048x1153.jpg 2048w\" sizes=\"(max-width: 1024px) 100vw, 1024px\" \/><\/figure>\n<\/div>\n\n\n\n<div class=\"wp-block-column observatory-case-column has-observatory-highlight-background-color has-background is-layout-flow wp-block-column-is-layout-flow\">\n<h2 class=\"wp-block-heading has-observatory-white-color has-text-color\">VIKS F\u00d6RS\u00d6KSG\u00c5RD<\/h2>\n\n\n\n<p class=\"h2pc o-case-padding link-no-style has-observatory-white-color has-text-color\">Helsingfors universitet ut\u00f6ver omfattande forskning p\u00e5 f\u00f6rs\u00f6ksg\u00e5rden i Vik. P\u00e5 Viks f\u00f6rs\u00f6ksg\u00e5rd finns en av universitetets SMEAR-Agri m\u00e4tningsstationer <a rel=\"noreferrer noopener\" href=\"https:\/\/www.atm.helsinki.fi\/smear\/index.php\/smear-agri\" data-type=\"URL\" data-id=\"https:\/\/www.atm.helsinki.fi\/smear\/index.php\/smear-agri\" target=\"_blank\"><strong>SMEAR-Agri sites<\/strong><\/a>.<\/p>\n\n\n\n<div class=\"wp-block-group observatory-case-row is-nowrap is-layout-flex wp-container-core-group-is-layout-7 wp-block-group-is-layout-flex\">\n<div class=\"wp-block-buttons is-layout-flex wp-block-buttons-is-layout-flex\">\n<div class=\"wp-block-button has-custom-width wp-block-button__width-100 o-column-button\"><a class=\"wp-block-button__link has-observatory-white-color has-observatory-highlight-background-color has-text-color has-background wp-element-button\" href=\"https:\/\/www.fieldobservatory.org\/index.php\/sv\/viks-forsoksgard\/\">Read more about Viikki<img decoding=\"async\" width=\"42\" class=\"wp-image-22\" style=\"width: 42px;\" src=\"https:\/\/www.fieldobservatory.org\/wp-content\/uploads\/2023\/01\/ArrowRightWhite.svg\" alt=\"\"><\/a><\/div>\n<\/div>\n<\/div>\n<\/div>\n<\/div>\n<\/div><\/div>\n\n\n\n<div style=\"height:100px\" aria-hidden=\"true\" class=\"wp-block-spacer\"><\/div>\n<\/div><\/div>\n","protected":false},"excerpt":{"rendered":"<p>SHOWCASES Vi beskriver n\u00e5gra av v\u00e5ra intensiva f\u00f6rs\u00f6ksg\u00e5rdar mer ing\u00e5ende och ger en insikt till arbetet som g\u00f6rs p\u00e5 g\u00e5rdarna. QVIDJA G\u00c5RD Qvidja g\u00e5rden i Pargas, sydv\u00e4stra Finland, bedriver regenerativt jordbruk och fungerar som en av Carbon Actions s.k. intensiva forskningsg\u00e5rdar. Principerna inom jordbruksmetoderna i Qvidja bygger p\u00e5 naturens m\u00e5ngfald och kolinlagring. TOMTBACKA G\u00c5RD Helsingfors [&hellip;]<\/p>\n","protected":false},"author":2,"featured_media":0,"parent":0,"menu_order":0,"comment_status":"closed","ping_status":"closed","template":"","meta":{"inline_featured_image":false,"footnotes":""},"_links":{"self":[{"href":"https:\/\/www.fieldobservatory.org\/index.php\/wp-json\/wp\/v2\/pages\/2101"}],"collection":[{"href":"https:\/\/www.fieldobservatory.org\/index.php\/wp-json\/wp\/v2\/pages"}],"about":[{"href":"https:\/\/www.fieldobservatory.org\/index.php\/wp-json\/wp\/v2\/types\/page"}],"author":[{"embeddable":true,"href":"https:\/\/www.fieldobservatory.org\/index.php\/wp-json\/wp\/v2\/users\/2"}],"replies":[{"embeddable":true,"href":"https:\/\/www.fieldobservatory.org\/index.php\/wp-json\/wp\/v2\/comments?post=2101"}],"version-history":[{"count":4,"href":"https:\/\/www.fieldobservatory.org\/index.php\/wp-json\/wp\/v2\/pages\/2101\/revisions"}],"predecessor-version":[{"id":2279,"href":"https:\/\/www.fieldobservatory.org\/index.php\/wp-json\/wp\/v2\/pages\/2101\/revisions\/2279"}],"wp:attachment":[{"href":"https:\/\/www.fieldobservatory.org\/index.php\/wp-json\/wp\/v2\/media?parent=2101"}],"curies":[{"name":"wp","href":"https:\/\/api.w.org\/{rel}","templated":true}]}}