{"id":2107,"date":"2023-08-14T08:03:30","date_gmt":"2023-08-14T08:03:30","guid":{"rendered":"https:\/\/www.fieldobservatory.org\/?page_id=2107"},"modified":"2024-02-21T13:01:08","modified_gmt":"2024-02-21T13:01:08","slug":"case-haltiala-sv","status":"publish","type":"page","link":"https:\/\/www.fieldobservatory.org\/index.php\/case-haltiala-sv\/","title":{"rendered":"CASE Haltiala sv"},"content":{"rendered":"<div class=\"wp-block-cover-full-width\">\n<div class=\"wp-block-cover o-cover-subpage\"><span aria-hidden=\"true\" class=\"wp-block-cover__background has-background-dim\"><\/span><img loading=\"lazy\" decoding=\"async\" width=\"800\" height=\"532\" class=\"wp-block-cover__image-background wp-image-33\" alt=\"\" src=\"https:\/\/www.fieldobservatory.org\/wp-content\/uploads\/2023\/01\/haltiala-lammas.jpg\" data-object-fit=\"cover\" srcset=\"https:\/\/www.fieldobservatory.org\/wp-content\/uploads\/2023\/01\/haltiala-lammas.jpg 800w, https:\/\/www.fieldobservatory.org\/wp-content\/uploads\/2023\/01\/haltiala-lammas-300x200.jpg 300w, https:\/\/www.fieldobservatory.org\/wp-content\/uploads\/2023\/01\/haltiala-lammas-768x511.jpg 768w\" sizes=\"(max-width: 800px) 100vw, 800px\" \/><div class=\"wp-block-cover__inner-container is-layout-flow wp-block-cover-is-layout-flow\">\n<p class=\"has-text-align-center has-large-font-size\"><\/p>\n<\/div><\/div>\n<\/div>\n\n\n<div class=\"wp-block-group intro-box-with-link has-background\" style=\"background-color:#71cdb6\"><div class=\"wp-block-group__inner-container is-layout-flow wp-block-group-is-layout-flow\">\n<h1 class=\"wp-block-heading has-text-align-center has-white-color has-text-color\">TOMTBACKA G\u00c5RD, HELSINGFORS<\/h1>\n\n\n\n<p class=\"has-text-align-center h1pc has-observatory-white-color has-text-color\">I norra Helsingfors, l\u00e4ngs Vanda \u00e5n, kan du hitta ett gammalt finl\u00e4ndskt jordbrukslandskap. Tomtbacka g\u00e5rd \u00e4r en boskapsg\u00e5rd \u00e4gd av Helsingfors stad. \u00c5krarna ing\u00e5r i en gammal och kulturellt betydelsefull herrg\u00e5rdsmilj\u00f6, och odlingen som b\u00f6rjade p\u00e5 1400-talet forts\u00e4tter \u00e4n idag. Tomtbacka g\u00e5rd \u00e4r en popul\u00e4r utflyktsort. Helsingfors universitet och Meteorologiska institutet bedriver intensiv Carbon Action forskning p\u00e5 g\u00e5rdens \u00e5krar.<\/p>\n<\/div><\/div>\n\n\n\n<div class=\"wp-block-group o-page-overlay\"><div class=\"wp-block-group__inner-container is-layout-constrained wp-block-group-is-layout-constrained\">\n<h2 class=\"wp-block-heading\">HUR F\u00d6R\u00c4NDRAS KOLINLAGRINGEN P\u00c5 F\u00d6RS\u00d6KSG\u00c5RDEN?<\/h2>\n\n\n\n<div id=\"chart_container\" class=\"casepage chart_gridcontainer\" style=\"min-height:507px;\"><\/div>\n\n\n\n<h2 class=\"wp-block-heading\">EKOLOGISK ODLING TESTAS SAMTIDIGT MED KONVENTIONELL ODLING<\/h2>\n\n\n\n<p class=\"h2pc\">P\u00e5 Tomtbacka g\u00e5rd odlas det ungef\u00e4r 202 hektar \u00e5kermark med inhemska spannm\u00e5lssorter s\u00e5som havre, r\u00e5g, korn och vete.<\/p>\n\n\n\n<p class=\"h2pc\">P\u00e5 g\u00e5rden odlas \u00e5krarna fr\u00e4mst med konventionella metoder, vilket inneb\u00e4r anv\u00e4ndning av syntetiska g\u00f6dselmedel. Kemiska bek\u00e4mpningsmedel anv\u00e4nds f\u00f6r att kontrollera ogr\u00e4s, skadedjur och v\u00e4xtsjukdomar.<\/p>\n\n\n\n<p class=\"h2pc\">Ekologisk odling testas p\u00e5 cirka 30 hektar, d\u00e4r v\u00e4xterna f\u00e5r n\u00e4ring fr\u00e5n organisk g\u00f6dsel. H\u00e4r odlas v\u00e4xter som binder kv\u00e4ve, som kl\u00f6ver och \u00e4rt, vilket fr\u00e4mjar n\u00e4ringsupptaget och gynnar andra gr\u00f6dor p\u00e5 \u00e5kern. P\u00e5 \u00e5krarna utf\u00f6rs ogr\u00e4skontroll och skadedjursbek\u00e4mpning genom mekaniska metoder och genom att st\u00e4rka v\u00e4xternas naturliga f\u00f6rsvarsmekanismer.<\/p>\n\n\n<div class=\"wp-block-image\">\n<figure class=\"aligncenter size-full\"><img loading=\"lazy\" decoding=\"async\" width=\"517\" height=\"692\" src=\"https:\/\/www.fieldobservatory.org\/wp-content\/uploads\/2023\/01\/Haltiala.jpg\" alt=\"\" class=\"wp-image-32\" srcset=\"https:\/\/www.fieldobservatory.org\/wp-content\/uploads\/2023\/01\/Haltiala.jpg 517w, https:\/\/www.fieldobservatory.org\/wp-content\/uploads\/2023\/01\/Haltiala-224x300.jpg 224w\" sizes=\"(max-width: 517px) 100vw, 517px\" \/><\/figure><\/div>\n\n\n<div style=\"height:100px\" aria-hidden=\"true\" class=\"wp-block-spacer\"><\/div>\n\n\n\n<h2 class=\"wp-block-heading has-text-align-center\">KORT OM M\u00c4TNINGAR<\/h2>\n\n\n\n<p class=\"h2pc\">Kontinuerliga m\u00e4tningar p\u00e5 Tomtbacka g\u00e5rd anv\u00e4nds f\u00f6r att studera kolfl\u00f6det p\u00e5 \u00e5krarna och f\u00f6r att bed\u00f6ma om marken binder eller frig\u00f6r kol.<\/p>\n\n\n\n<p class=\"h2pc\">Dessutom f\u00f6ljer man med f\u00f6rh\u00e5llandena i marken, som temperatur och fuktighet, med hj\u00e4lp av marksensorer. V\u00e4xtligheten p\u00e5 \u00e5krarna analyseras med hj\u00e4lp av satellitbilder.<\/p>\n\n\n\n<p class=\"h2pc\">Ut\u00f6ver m\u00e4tningarna studeras kolinlagring genom att kombinera det insamlade data med matematisk modellering. Detta m\u00f6jligg\u00f6r en b\u00e4ttre f\u00f6rst\u00e5else hur v\u00e4der och odlingsmetoder p\u00e5verkar kolinlagringen p\u00e5 jordbruksmark.<\/p>\n\n\n\n<p class=\"h2pc\">Tomtbacka g\u00e5rd \u00e4r en av de tv\u00e5 <a rel=\"noreferrer noopener\" href=\"https:\/\/www.atm.helsinki.fi\/smear\/index.php\/smear-agri\" data-type=\"URL\" data-id=\"https:\/\/www.atm.helsinki.fi\/smear\/index.php\/smear-agri\" target=\"_blank\">SMEAR-Agri stationerna<\/a> som underh\u00e5lls av Helsingfors universitet<\/p>\n\n\n\n<p class=\"h2pc\">F\u00f6r mer detaljerad information om Tomtbacka g\u00e5rdens m\u00e4tningar, v\u00e4nligen utforska vidare.<\/p>\n\n\n<div class=\"wp-block-image\">\n<figure class=\"aligncenter size-full\"><img loading=\"lazy\" decoding=\"async\" width=\"800\" height=\"532\" src=\"https:\/\/www.fieldobservatory.org\/wp-content\/uploads\/2023\/01\/haltiala-lammas.jpg\" alt=\"\" class=\"wp-image-33\" srcset=\"https:\/\/www.fieldobservatory.org\/wp-content\/uploads\/2023\/01\/haltiala-lammas.jpg 800w, https:\/\/www.fieldobservatory.org\/wp-content\/uploads\/2023\/01\/haltiala-lammas-300x200.jpg 300w, https:\/\/www.fieldobservatory.org\/wp-content\/uploads\/2023\/01\/haltiala-lammas-768x511.jpg 768w\" sizes=\"(max-width: 800px) 100vw, 800px\" \/><\/figure><\/div>\n\n\n<div style=\"height:100px\" aria-hidden=\"true\" class=\"wp-block-spacer\"><\/div>\n\n\n\n<div class=\"wp-block-buttons is-content-justification-center is-layout-flex wp-container-core-buttons-is-layout-1 wp-block-buttons-is-layout-flex\">\n<div class=\"wp-block-button\"><a class=\"wp-block-button__link has-observatory-highlight-background-color has-background wp-element-button\" href=\"https:\/\/www.fieldobservatory.org\/index.php\/online-field-data-sv\/?site=haltiala\">UTFORSKA HALTIALAS M\u00c4TNINGAR<\/a><\/div>\n<\/div>\n\n\n\n<div style=\"height:100px\" aria-hidden=\"true\" class=\"wp-block-spacer\"><\/div>\n<\/div><\/div>\n","protected":false},"excerpt":{"rendered":"<p>TOMTBACKA G\u00c5RD, HELSINGFORS I norra Helsingfors, l\u00e4ngs Vanda \u00e5n, kan du hitta ett gammalt finl\u00e4ndskt jordbrukslandskap. Tomtbacka g\u00e5rd \u00e4r en boskapsg\u00e5rd \u00e4gd av Helsingfors stad. \u00c5krarna ing\u00e5r i en gammal och kulturellt betydelsefull herrg\u00e5rdsmilj\u00f6, och odlingen som b\u00f6rjade p\u00e5 1400-talet forts\u00e4tter \u00e4n idag. Tomtbacka g\u00e5rd \u00e4r en popul\u00e4r utflyktsort. Helsingfors universitet och Meteorologiska institutet bedriver [&hellip;]<\/p>\n","protected":false},"author":2,"featured_media":0,"parent":0,"menu_order":0,"comment_status":"closed","ping_status":"closed","template":"","meta":{"inline_featured_image":false,"footnotes":""},"_links":{"self":[{"href":"https:\/\/www.fieldobservatory.org\/index.php\/wp-json\/wp\/v2\/pages\/2107"}],"collection":[{"href":"https:\/\/www.fieldobservatory.org\/index.php\/wp-json\/wp\/v2\/pages"}],"about":[{"href":"https:\/\/www.fieldobservatory.org\/index.php\/wp-json\/wp\/v2\/types\/page"}],"author":[{"embeddable":true,"href":"https:\/\/www.fieldobservatory.org\/index.php\/wp-json\/wp\/v2\/users\/2"}],"replies":[{"embeddable":true,"href":"https:\/\/www.fieldobservatory.org\/index.php\/wp-json\/wp\/v2\/comments?post=2107"}],"version-history":[{"count":8,"href":"https:\/\/www.fieldobservatory.org\/index.php\/wp-json\/wp\/v2\/pages\/2107\/revisions"}],"predecessor-version":[{"id":2319,"href":"https:\/\/www.fieldobservatory.org\/index.php\/wp-json\/wp\/v2\/pages\/2107\/revisions\/2319"}],"wp:attachment":[{"href":"https:\/\/www.fieldobservatory.org\/index.php\/wp-json\/wp\/v2\/media?parent=2107"}],"curies":[{"name":"wp","href":"https:\/\/api.w.org\/{rel}","templated":true}]}}