{"id":2171,"date":"2023-10-31T09:34:23","date_gmt":"2023-10-31T09:34:23","guid":{"rendered":"https:\/\/www.fieldobservatory.org\/?page_id=2171"},"modified":"2024-02-21T12:21:41","modified_gmt":"2024-02-21T12:21:41","slug":"koti","status":"publish","type":"page","link":"https:\/\/www.fieldobservatory.org\/index.php\/koti\/","title":{"rendered":"Koti"},"content":{"rendered":"<div class=\"wp-block-cover-full-width\">\n<div class=\"wp-block-cover is-light o-cover\" style=\"min-height:750px;aspect-ratio:unset;\"><span aria-hidden=\"true\" class=\"wp-block-cover__background has-background-dim-40 has-background-dim\" style=\"background-color:#dd9e48\"><\/span><img loading=\"lazy\" decoding=\"async\" width=\"2559\" height=\"2162\" class=\"wp-block-cover__image-background wp-image-1939\" alt=\"\" src=\"https:\/\/www.fieldobservatory.org\/wp-content\/uploads\/2023\/03\/padpellolla_cv3.png\" data-object-fit=\"cover\" srcset=\"https:\/\/www.fieldobservatory.org\/wp-content\/uploads\/2023\/03\/padpellolla_cv3.png 2559w, https:\/\/www.fieldobservatory.org\/wp-content\/uploads\/2023\/03\/padpellolla_cv3-300x253.png 300w, https:\/\/www.fieldobservatory.org\/wp-content\/uploads\/2023\/03\/padpellolla_cv3-1024x865.png 1024w, https:\/\/www.fieldobservatory.org\/wp-content\/uploads\/2023\/03\/padpellolla_cv3-768x649.png 768w, https:\/\/www.fieldobservatory.org\/wp-content\/uploads\/2023\/03\/padpellolla_cv3-1536x1298.png 1536w, https:\/\/www.fieldobservatory.org\/wp-content\/uploads\/2023\/03\/padpellolla_cv3-2048x1730.png 2048w\" sizes=\"(max-width: 2559px) 100vw, 2559px\" \/><div class=\"wp-block-cover__inner-container is-layout-flow wp-block-cover-is-layout-flow\">\n<h1 class=\"wp-block-heading has-text-align-center has-white-color has-text-color\">PALJONKO HIILT\u00c4 KASVIT JA MAAPER\u00c4 SITOVAT?<\/h1>\n\n\n\n<div style=\"height:50px\" aria-hidden=\"true\" class=\"wp-block-spacer\"><\/div>\n\n\n\n<div class=\"wp-block-buttons is-content-justification-center is-layout-flex wp-container-core-buttons-is-layout-1 wp-block-buttons-is-layout-flex\">\n<div class=\"wp-block-button title-p\"><a class=\"wp-block-button__link has-observatory-white-color has-observatory-highlight-background-color has-text-color has-background wp-element-button\" href=\"https:\/\/www.fieldobservatory.org\/index.php\/fi\/tilat\/\">ESITTELYTILAT<img decoding=\"async\" width=\"42\" class=\"wp-image-22\" style=\"width: 42px;\" src=\"https:\/\/www.fieldobservatory.org\/wp-content\/uploads\/2023\/01\/ArrowRightWhite.svg\" alt=\"\"><\/a><\/div>\n<\/div>\n<\/div><\/div>\n<\/div>\n\n\n<div class=\"wp-block-group intro-box-with-link has-background\" style=\"background-color:#71cdb6\"><div class=\"wp-block-group__inner-container is-layout-flow wp-block-group-is-layout-flow\">\n<h1 class=\"wp-block-heading has-text-align-center has-white-color has-text-color\">DATAA SUORAAN PELLOLTA<\/h1>\n\n\n\n<p class=\"has-text-align-center h1pc has-white-color has-text-color\">Ilmastonmuutosta voidaan hillit\u00e4 erilaisilla toimenpiteill\u00e4 niin maataloudessa, mets\u00e4taloudessa, kuin kaupunkiymp\u00e4rist\u00f6iss\u00e4kin. Carbon Action -verkostossa tutkijat,&nbsp; viljelij\u00e4t ja yritykset ty\u00f6skentelev\u00e4t yhdess\u00e4 kehitt\u00e4\u00e4kseen ekosysteemej\u00e4 uudistavia viljelytapoja: menetelmi\u00e4, joilla voisimme sitoa hiilt\u00e4 ilmakeh\u00e4st\u00e4, tukea ilmastonmuutokseen sopeutumista, vahvistaa luonnon monimuotoisuutta ja edist\u00e4\u00e4 kest\u00e4v\u00e4\u00e4 maank\u00e4ytt\u00f6\u00e4. Mitk\u00e4 ovat n\u00e4iden toimien todelliset vaikutukset erilaisiin ekosysteemeihin ja hiilen sidontaan? Pelto-Observatorio pyrkii tarjoamaan vastauksia n\u00e4ihin kysymyksiin.<\/p>\n\n\n\n<div class=\"wp-block-group is-content-justification-center is-nowrap is-layout-flex wp-container-core-group-is-layout-1 wp-block-group-is-layout-flex\">\n<div class=\"wp-block-buttons is-content-justification-center is-layout-flex wp-container-core-buttons-is-layout-2 wp-block-buttons-is-layout-flex\">\n<div class=\"wp-block-button intro-box-link\"><a class=\"wp-block-button__link has-white-color has-observatory-highlight-background-color has-text-color has-background wp-element-button\" href=\"https:\/\/www.fieldobservatory.org\/index.php\/fi\/tilat\/\" style=\"border-radius:0px\">Tutustu tutkimustiloihin <img decoding=\"async\" width=\"42\" class=\"wp-image-22\" style=\"width: 42px;\" src=\"https:\/\/www.fieldobservatory.org\/wp-content\/uploads\/2023\/01\/ArrowRightWhite.svg\" alt=\"\"><style type=\"text\/css\"> .st0{fill:#FFFFFF;} .st1{fill:none;stroke:#74C9B4;stroke-width:0.75;stroke-miterlimit:10;} <\/style><\/a><\/div>\n<\/div>\n\n\n\n<div class=\"wp-block-buttons is-content-justification-center is-layout-flex wp-container-core-buttons-is-layout-3 wp-block-buttons-is-layout-flex\">\n<div class=\"wp-block-button intro-box-link\"><a class=\"wp-block-button__link has-white-color has-observatory-highlight-background-color has-text-color has-background wp-element-button\" href=\"https:\/\/www.fieldobservatory.org\/index.php\/fi\/online-field-data-fi\/\" style=\"border-radius:0px\">Katso reaaliaikaisia mittausaineistoja <img decoding=\"async\" width=\"42\" class=\"wp-image-22\" style=\"width: 42px;\" src=\"https:\/\/www.fieldobservatory.org\/wp-content\/uploads\/2023\/01\/ArrowRightWhite.svg\" alt=\"\"><style type=\"text\/css\"> .st0{fill:#FFFFFF;} .st1{fill:none;stroke:#74C9B4;stroke-width:0.75;stroke-miterlimit:10;} <\/style><\/a><\/div>\n<\/div>\n<\/div>\n<\/div><\/div>\n\n\n\n<div class=\"wp-block-columns o-columns-block cols-align-bottom is-layout-flex wp-container-core-columns-is-layout-1 wp-block-columns-is-layout-flex\">\n<div class=\"wp-block-column is-layout-flow wp-block-column-is-layout-flow\">\n<figure class=\"wp-block-image size-full\"><img loading=\"lazy\" decoding=\"async\" width=\"888\" height=\"888\" src=\"https:\/\/www.fieldobservatory.org\/wp-content\/uploads\/2023\/01\/nainentutkiisatoaq90-edited.jpg\" alt=\"\" class=\"wp-image-5\" srcset=\"https:\/\/www.fieldobservatory.org\/wp-content\/uploads\/2023\/01\/nainentutkiisatoaq90-edited.jpg 888w, https:\/\/www.fieldobservatory.org\/wp-content\/uploads\/2023\/01\/nainentutkiisatoaq90-edited-300x300.jpg 300w, https:\/\/www.fieldobservatory.org\/wp-content\/uploads\/2023\/01\/nainentutkiisatoaq90-edited-150x150.jpg 150w, https:\/\/www.fieldobservatory.org\/wp-content\/uploads\/2023\/01\/nainentutkiisatoaq90-edited-768x768.jpg 768w\" sizes=\"(max-width: 888px) 100vw, 888px\" \/><\/figure>\n\n\n\n<h3 class=\"wp-block-heading link-no-style\"><a href=\"https:\/\/www.fieldobservatory.org\/index.php\/fi\/maanviljelya-ja-tiedetta\/\" data-type=\"page\" data-id=\"1279\">Tutkimus<\/a><\/h3>\n\n\n\n<p class=\"h3pc link-no-style\"><a href=\"https:\/\/www.fieldobservatory.org\/index.php\/fi\/maanviljelya-ja-tiedetta\/\" data-type=\"page\" data-id=\"1279\">Pellolla ja laboratoriossa teht\u00e4vien mittausten, satelliittiaineistojen ja mallinnuksen avulla tutkitaan viljelymenetelmien vaikutuksia ja kehitet\u00e4\u00e4n uudistavia toimintatapoja.<\/a><\/p>\n\n\n<div class=\"wp-block-image o-front-arrow-right-green\">\n<figure class=\"alignright size-large\"><a href=\"https:\/\/www.fieldobservatory.org\/index.php\/fi\/maanviljelya-ja-tiedetta\/\"><img decoding=\"async\"  src=\"https:\/\/www.fieldobservatory.org\/wp-content\/uploads\/2023\/01\/ArrowRightGreen.svg\" alt=\"\" class=\"wp-image-21\"\/><\/a><\/figure><\/div><\/div>\n\n\n\n<div class=\"wp-block-column is-layout-flow wp-block-column-is-layout-flow\">\n<figure class=\"wp-block-image size-full\"><img loading=\"lazy\" decoding=\"async\" width=\"638\" height=\"638\" src=\"https:\/\/www.fieldobservatory.org\/wp-content\/uploads\/2023\/01\/myllerrettypelto1q80-edited.jpg\" alt=\"\" class=\"wp-image-50\" srcset=\"https:\/\/www.fieldobservatory.org\/wp-content\/uploads\/2023\/01\/myllerrettypelto1q80-edited.jpg 638w, https:\/\/www.fieldobservatory.org\/wp-content\/uploads\/2023\/01\/myllerrettypelto1q80-edited-300x300.jpg 300w, https:\/\/www.fieldobservatory.org\/wp-content\/uploads\/2023\/01\/myllerrettypelto1q80-edited-150x150.jpg 150w\" sizes=\"(max-width: 638px) 100vw, 638px\" \/><\/figure>\n\n\n\n<h3 class=\"wp-block-heading link-no-style\"><a href=\"https:\/\/www.fieldobservatory.org\/index.php\/fi\/online-field-data-fi\/\" data-type=\"page\" data-id=\"74\">Data<\/a><\/h3>\n\n\n\n<p class=\"h3pc link-no-style\"><a href=\"https:\/\/www.fieldobservatory.org\/index.php\/fi\/online-field-data-fi\/\" data-type=\"page\" data-id=\"74\">Pelto-observatorio n\u00e4ytt\u00e4\u00e4 l\u00e4hes reaaliaikaista mittausdataa maatiloilta ja muista tutkimuskohteista.<\/a><\/p>\n\n\n<div class=\"wp-block-image o-front-arrow-right-green\">\n<figure class=\"alignright size-large\"><a href=\"https:\/\/www.fieldobservatory.org\/index.php\/fi\/online-field-data-fi\/\"><img decoding=\"async\"  src=\"https:\/\/www.fieldobservatory.org\/wp-content\/uploads\/2023\/01\/ArrowRightGreen.svg\" alt=\"\" class=\"wp-image-21\"\/><\/a><\/figure><\/div><\/div>\n\n\n\n<div class=\"wp-block-column is-layout-flow wp-block-column-is-layout-flow\">\n<figure class=\"wp-block-image size-full\"><img loading=\"lazy\" decoding=\"async\" width=\"638\" height=\"638\" src=\"https:\/\/www.fieldobservatory.org\/wp-content\/uploads\/2023\/01\/Lehmasyksy1q80-edited.jpg\" alt=\"\" class=\"wp-image-43\" srcset=\"https:\/\/www.fieldobservatory.org\/wp-content\/uploads\/2023\/01\/Lehmasyksy1q80-edited.jpg 638w, https:\/\/www.fieldobservatory.org\/wp-content\/uploads\/2023\/01\/Lehmasyksy1q80-edited-300x300.jpg 300w, https:\/\/www.fieldobservatory.org\/wp-content\/uploads\/2023\/01\/Lehmasyksy1q80-edited-150x150.jpg 150w\" sizes=\"(max-width: 638px) 100vw, 638px\" \/><\/figure>\n\n\n\n<h3 class=\"wp-block-heading link-no-style\"><a href=\"https:\/\/www.fieldobservatory.org\/index.php\/fi\/hiiliviljely\/\" data-type=\"page\" data-id=\"1280\">Hiiliviljely<\/a><\/h3>\n\n\n\n<p class=\"h3pc link-no-style\"><a href=\"https:\/\/www.fieldobservatory.org\/index.php\/fi\/hiiliviljely\/\" data-type=\"link\" data-id=\"https:\/\/www.fieldobservatory.org\/index.php\/fi\/hiiliviljely\/\">Ekosysteemien hiilitasetta voidaan parantaa monilla eri k\u00e4yt\u00e4nn\u00f6ill\u00e4. Tarkkaa seurantaa tarvitaan tehokkaiden menetelmien kehitt\u00e4miseksi erilaisille ekosysteemeille.<\/a><\/p>\n\n\n<div class=\"wp-block-image o-front-arrow-right-green\">\n<figure class=\"alignright size-large\"><a href=\"https:\/\/www.fieldobservatory.org\/index.php\/fi\/hiiliviljely\/\"><img decoding=\"async\"  src=\"https:\/\/www.fieldobservatory.org\/wp-content\/uploads\/2023\/01\/ArrowRightGreen.svg\" alt=\"\" class=\"wp-image-21\"\/><\/a><\/figure><\/div><\/div>\n\n\n\n<div class=\"wp-block-column is-layout-flow wp-block-column-is-layout-flow\">\n<figure class=\"wp-block-image size-full\"><img loading=\"lazy\" decoding=\"async\" width=\"638\" height=\"638\" src=\"https:\/\/www.fieldobservatory.org\/wp-content\/uploads\/2023\/01\/peltoyhteistyo1q80-edited.jpg\" alt=\"\" class=\"wp-image-67\" srcset=\"https:\/\/www.fieldobservatory.org\/wp-content\/uploads\/2023\/01\/peltoyhteistyo1q80-edited.jpg 638w, https:\/\/www.fieldobservatory.org\/wp-content\/uploads\/2023\/01\/peltoyhteistyo1q80-edited-300x300.jpg 300w, https:\/\/www.fieldobservatory.org\/wp-content\/uploads\/2023\/01\/peltoyhteistyo1q80-edited-150x150.jpg 150w\" sizes=\"(max-width: 638px) 100vw, 638px\" \/><\/figure>\n\n\n\n<h3 class=\"wp-block-heading link-no-style\"><a href=\"https:\/\/www.fieldobservatory.org\/index.php\/fi\/meista\/\" data-type=\"page\" data-id=\"73\">Carbon Action<\/a><\/h3>\n\n\n\n<p class=\"h3pc link-no-style\"><a href=\"https:\/\/www.fieldobservatory.org\/index.php\/fi\/meista\/\" data-type=\"page\" data-id=\"73\">Carbon Action -yhteisty\u00f6verkostossa tutkijat, viljelij\u00e4t ja yritykset tekev\u00e4t yhteisty\u00f6t\u00e4 edist\u00e4\u00e4kseen uudistavia ekosysteemien k\u00e4ytt\u00f6tapoja.<\/a><\/p>\n\n\n<div class=\"wp-block-image o-front-arrow-right-green\">\n<figure class=\"alignright size-large\"><a href=\"https:\/\/www.fieldobservatory.org\/index.php\/fi\/meista\/\"><img decoding=\"async\"  src=\"https:\/\/www.fieldobservatory.org\/wp-content\/uploads\/2023\/01\/ArrowRightGreen.svg\" alt=\"\" class=\"wp-image-21\"\/><\/a><\/figure><\/div><\/div>\n<\/div>\n\n\n\n<div style=\"height:100px\" aria-hidden=\"true\" id=\"casestudies\" class=\"wp-block-spacer\"><\/div>\n\n\n\n<div class=\"wp-block-group observatory-case-left observatory-case\"><div class=\"wp-block-group__inner-container is-layout-flow wp-block-group-is-layout-flow\">\n<div class=\"wp-block-columns cols-align-bottom is-layout-flex wp-container-core-columns-is-layout-2 wp-block-columns-is-layout-flex\">\n<div class=\"wp-block-column observatory-case-column is-layout-flow wp-block-column-is-layout-flow\">\n<figure class=\"wp-block-image size-large\"><img loading=\"lazy\" decoding=\"async\" width=\"1024\" height=\"683\" src=\"https:\/\/www.fieldobservatory.org\/wp-content\/uploads\/2023\/01\/Qvidja-MaijaAstikainen-1584-1600x0-c-default-1024x683.jpg\" alt=\"\" class=\"wp-image-70\" srcset=\"https:\/\/www.fieldobservatory.org\/wp-content\/uploads\/2023\/01\/Qvidja-MaijaAstikainen-1584-1600x0-c-default-1024x683.jpg 1024w, https:\/\/www.fieldobservatory.org\/wp-content\/uploads\/2023\/01\/Qvidja-MaijaAstikainen-1584-1600x0-c-default-300x200.jpg 300w, https:\/\/www.fieldobservatory.org\/wp-content\/uploads\/2023\/01\/Qvidja-MaijaAstikainen-1584-1600x0-c-default-768x512.jpg 768w, https:\/\/www.fieldobservatory.org\/wp-content\/uploads\/2023\/01\/Qvidja-MaijaAstikainen-1584-1600x0-c-default-1536x1024.jpg 1536w, https:\/\/www.fieldobservatory.org\/wp-content\/uploads\/2023\/01\/Qvidja-MaijaAstikainen-1584-1600x0-c-default.jpg 1600w\" sizes=\"(max-width: 1024px) 100vw, 1024px\" \/><\/figure>\n<\/div>\n\n\n\n<div class=\"wp-block-column observatory-case-column has-observatory-highlight-background-color has-background is-layout-flow wp-block-column-is-layout-flow\">\n<h2 class=\"wp-block-heading o-case-padding has-observatory-white-color has-text-color\">QVIDJAN TILA <\/h2>\n\n\n\n<p class=\"h2pc o-case-padding link-no-style has-observatory-white-color has-text-color\">Qvidjan tilalla Paraisilla Lounais-Suomessa kehitet\u00e4\u00e4n uudistavaa maataloutta ja tehd\u00e4\u00e4n Carbon Action -tutkimusta sek\u00e4 koulutusty\u00f6t\u00e4. Qvidjassa kaikki tilan toimenpiteet tehd\u00e4\u00e4n luonnon monimuotoisuutta, hiilensidontaa ja It\u00e4meren suojelua ajatellen.<\/p>\n\n\n\n<div class=\"wp-block-group observatory-case-row is-nowrap is-layout-flex wp-container-core-group-is-layout-3 wp-block-group-is-layout-flex\">\n<div class=\"wp-block-buttons is-layout-flex wp-block-buttons-is-layout-flex\">\n<div class=\"wp-block-button o-column-button\"><a class=\"wp-block-button__link has-observatory-white-color has-observatory-highlight-background-color has-text-color has-background wp-element-button\" href=\"https:\/\/www.fieldobservatory.org\/index.php\/fi\/case-qvidja-fi\/\">Qvidjan tutkimustilan esittely<img decoding=\"async\" width=\"42\" class=\"wp-image-22\" style=\"width: 42px;\" src=\"https:\/\/www.fieldobservatory.org\/wp-content\/uploads\/2023\/01\/ArrowRightWhite.svg\" alt=\"\"><style type=\"text\/css\"> .st0{fill:#FFFFFF;} .st1{fill:none;stroke:#74C9B4;stroke-width:0.75;stroke-miterlimit:10;} <\/style><\/a><\/div>\n<\/div>\n<\/div>\n<\/div>\n<\/div>\n<\/div><\/div>\n\n\n\n<div class=\"wp-block-group observatory-case-right observatory-case\"><div class=\"wp-block-group__inner-container is-layout-flow wp-block-group-is-layout-flow\">\n<div class=\"wp-block-columns cols-align-bottom is-layout-flex wp-container-core-columns-is-layout-3 wp-block-columns-is-layout-flex\">\n<div class=\"wp-block-column observatory-case-column has-observatory-highlight-background-color has-background is-layout-flow wp-block-column-is-layout-flow\">\n<h2 class=\"wp-block-heading o-case-padding has-observatory-white-color has-text-color\">HALTIALA<\/h2>\n\n\n\n<p class=\"h2pc o-case-padding link-no-style has-observatory-white-color has-text-color\">Helsingin kaupungin omistamalla Haltialan tilalla pyrit\u00e4\u00e4n edist\u00e4m\u00e4\u00e4n maaper\u00e4n kasvukuntoa ja peltomaiden ilmastovaikutuksia. Helsingin yliopisto ja Ilmatieteen laitos seuraavat Haltialan tutkimuspeltoja jatkuvasti. Haltiala on toinen Helsingin yliopiston kahdesta <a href=\"https:\/\/www.atm.helsinki.fi\/smear\/index.php\/smear-agri\" data-type=\"link\" data-id=\"https:\/\/www.atm.helsinki.fi\/smear\/index.php\/smear-agri\">SMEAR-Agri<\/a> -tutkimusasemasta. <\/p>\n\n\n\n<div class=\"wp-block-group observatory-case-row is-content-justification-left is-nowrap is-layout-flex wp-container-core-group-is-layout-5 wp-block-group-is-layout-flex\">\n<div class=\"wp-block-buttons is-content-justification-left is-layout-flex wp-container-core-buttons-is-layout-5 wp-block-buttons-is-layout-flex\">\n<div class=\"wp-block-button has-custom-width wp-block-button__width-100 o-column-button\"><a class=\"wp-block-button__link has-observatory-white-color has-observatory-highlight-background-color has-text-color has-background wp-element-button\" href=\"https:\/\/www.fieldobservatory.org\/index.php\/fi\/case-haltiala-fi\/\">Haltialan tutkimustilan esittely <img decoding=\"async\" width=\"42\" class=\"wp-image-22\" style=\"width: 42px;\" src=\"https:\/\/www.fieldobservatory.org\/wp-content\/uploads\/2023\/01\/ArrowRightWhite.svg\" alt=\"\"><\/a><\/div>\n<\/div>\n<\/div>\n<\/div>\n\n\n\n<div class=\"wp-block-column observatory-case-column is-layout-flow wp-block-column-is-layout-flow\">\n<figure class=\"wp-block-image size-full\"><img loading=\"lazy\" decoding=\"async\" width=\"800\" height=\"532\" src=\"https:\/\/www.fieldobservatory.org\/wp-content\/uploads\/2023\/01\/haltiala-lammas.jpg\" alt=\"\" class=\"wp-image-33\" srcset=\"https:\/\/www.fieldobservatory.org\/wp-content\/uploads\/2023\/01\/haltiala-lammas.jpg 800w, https:\/\/www.fieldobservatory.org\/wp-content\/uploads\/2023\/01\/haltiala-lammas-300x200.jpg 300w, https:\/\/www.fieldobservatory.org\/wp-content\/uploads\/2023\/01\/haltiala-lammas-768x511.jpg 768w\" sizes=\"(max-width: 800px) 100vw, 800px\" \/><\/figure>\n<\/div>\n<\/div>\n<\/div><\/div>\n\n\n\n<div class=\"wp-block-group observatory-case-left observatory-case\"><div class=\"wp-block-group__inner-container is-layout-flow wp-block-group-is-layout-flow\">\n<div class=\"wp-block-columns cols-align-bottom is-layout-flex wp-container-core-columns-is-layout-4 wp-block-columns-is-layout-flex\">\n<div class=\"wp-block-column observatory-case-column is-layout-flow wp-block-column-is-layout-flow\">\n<figure class=\"wp-block-image size-large\"><img loading=\"lazy\" decoding=\"async\" width=\"1024\" height=\"577\" src=\"https:\/\/www.fieldobservatory.org\/wp-content\/uploads\/2023\/05\/viikki_lehmat-1024x577.jpg\" alt=\"\" class=\"wp-image-2052\" srcset=\"https:\/\/www.fieldobservatory.org\/wp-content\/uploads\/2023\/05\/viikki_lehmat-1024x577.jpg 1024w, https:\/\/www.fieldobservatory.org\/wp-content\/uploads\/2023\/05\/viikki_lehmat-300x169.jpg 300w, https:\/\/www.fieldobservatory.org\/wp-content\/uploads\/2023\/05\/viikki_lehmat-768x432.jpg 768w, https:\/\/www.fieldobservatory.org\/wp-content\/uploads\/2023\/05\/viikki_lehmat-1536x865.jpg 1536w, https:\/\/www.fieldobservatory.org\/wp-content\/uploads\/2023\/05\/viikki_lehmat-2048x1153.jpg 2048w\" sizes=\"(max-width: 1024px) 100vw, 1024px\" \/><\/figure>\n<\/div>\n\n\n\n<div class=\"wp-block-column observatory-case-column has-observatory-highlight-background-color has-background is-layout-flow wp-block-column-is-layout-flow\">\n<h2 class=\"wp-block-heading o-case-padding has-observatory-white-color has-text-color\">VIIKKI<\/h2>\n\n\n\n<p class=\"h2pc o-case-padding link-no-style has-observatory-white-color has-text-color\">Viikin pitk\u00e4aikaisilla tutkimuspelloilla sijaitsee toinen Helsingin yliopiston <a href=\"https:\/\/www.atm.helsinki.fi\/smear\/index.php\/smear-agri\" data-type=\"link\" data-id=\"https:\/\/www.atm.helsinki.fi\/smear\/index.php\/smear-agri\">SMEAR-Agri<\/a> -tutkimusasemista. Viikiss\u00e4 tutkitaan maataloutta ja sen ilmastovaikutuksia kattavasti.<\/p>\n\n\n\n<div class=\"wp-block-group observatory-case-row is-nowrap is-layout-flex wp-container-core-group-is-layout-7 wp-block-group-is-layout-flex\">\n<div class=\"wp-block-buttons is-layout-flex wp-block-buttons-is-layout-flex\">\n<div class=\"wp-block-button o-column-button\"><a class=\"wp-block-button__link has-observatory-white-color has-observatory-highlight-background-color has-text-color has-background wp-element-button\" href=\"https:\/\/www.fieldobservatory.org\/index.php\/fi\/case-viikki-fi\/\">Viikin tutkimusaseman esittely<img decoding=\"async\" width=\"42\" class=\"wp-image-22\" style=\"width: 42px;\" src=\"https:\/\/www.fieldobservatory.org\/wp-content\/uploads\/2023\/01\/ArrowRightWhite.svg\" alt=\"\"><style type=\"text\/css\"> .st0{fill:#FFFFFF;} .st1{fill:none;stroke:#74C9B4;stroke-width:0.75;stroke-miterlimit:10;} <\/style><\/a><\/div>\n<\/div>\n<\/div>\n<\/div>\n<\/div>\n<\/div><\/div>\n","protected":false},"excerpt":{"rendered":"<p>DATAA SUORAAN PELLOLTA Ilmastonmuutosta voidaan hillit\u00e4 erilaisilla toimenpiteill\u00e4 niin maataloudessa, mets\u00e4taloudessa, kuin kaupunkiymp\u00e4rist\u00f6iss\u00e4kin. Carbon Action -verkostossa tutkijat,&nbsp; viljelij\u00e4t ja yritykset ty\u00f6skentelev\u00e4t yhdess\u00e4 kehitt\u00e4\u00e4kseen ekosysteemej\u00e4 uudistavia viljelytapoja: menetelmi\u00e4, joilla voisimme sitoa hiilt\u00e4 ilmakeh\u00e4st\u00e4, tukea ilmastonmuutokseen sopeutumista, vahvistaa luonnon monimuotoisuutta ja edist\u00e4\u00e4 kest\u00e4v\u00e4\u00e4 maank\u00e4ytt\u00f6\u00e4. Mitk\u00e4 ovat n\u00e4iden toimien todelliset vaikutukset erilaisiin ekosysteemeihin ja hiilen sidontaan? Pelto-Observatorio pyrkii [&hellip;]<\/p>\n","protected":false},"author":2,"featured_media":0,"parent":0,"menu_order":0,"comment_status":"closed","ping_status":"closed","template":"","meta":{"inline_featured_image":false,"footnotes":""},"_links":{"self":[{"href":"https:\/\/www.fieldobservatory.org\/index.php\/wp-json\/wp\/v2\/pages\/2171"}],"collection":[{"href":"https:\/\/www.fieldobservatory.org\/index.php\/wp-json\/wp\/v2\/pages"}],"about":[{"href":"https:\/\/www.fieldobservatory.org\/index.php\/wp-json\/wp\/v2\/types\/page"}],"author":[{"embeddable":true,"href":"https:\/\/www.fieldobservatory.org\/index.php\/wp-json\/wp\/v2\/users\/2"}],"replies":[{"embeddable":true,"href":"https:\/\/www.fieldobservatory.org\/index.php\/wp-json\/wp\/v2\/comments?post=2171"}],"version-history":[{"count":7,"href":"https:\/\/www.fieldobservatory.org\/index.php\/wp-json\/wp\/v2\/pages\/2171\/revisions"}],"predecessor-version":[{"id":2301,"href":"https:\/\/www.fieldobservatory.org\/index.php\/wp-json\/wp\/v2\/pages\/2171\/revisions\/2301"}],"wp:attachment":[{"href":"https:\/\/www.fieldobservatory.org\/index.php\/wp-json\/wp\/v2\/media?parent=2171"}],"curies":[{"name":"wp","href":"https:\/\/api.w.org\/{rel}","templated":true}]}}