{"id":2176,"date":"2023-10-31T09:35:28","date_gmt":"2023-10-31T09:35:28","guid":{"rendered":"https:\/\/www.fieldobservatory.org\/?page_id=2176"},"modified":"2024-02-21T12:24:15","modified_gmt":"2024-02-21T12:24:15","slug":"maanviljelya-ja-tiedetta","status":"publish","type":"page","link":"https:\/\/www.fieldobservatory.org\/index.php\/maanviljelya-ja-tiedetta\/","title":{"rendered":"Maanviljely\u00e4 ja tiedett\u00e4"},"content":{"rendered":"<div class=\"wp-block-cover-full-width\">\n<div class=\"wp-block-cover is-light o-cover-subpage\"><span aria-hidden=\"true\" class=\"wp-block-cover__background has-background-dim\"><\/span><img loading=\"lazy\" decoding=\"async\" width=\"1332\" height=\"888\" class=\"wp-block-cover__image-background wp-image-51\" alt=\"\" src=\"https:\/\/www.fieldobservatory.org\/wp-content\/uploads\/2023\/01\/nainentutkiisatoaq90.jpg\" data-object-fit=\"cover\" srcset=\"https:\/\/www.fieldobservatory.org\/wp-content\/uploads\/2023\/01\/nainentutkiisatoaq90.jpg 1332w, https:\/\/www.fieldobservatory.org\/wp-content\/uploads\/2023\/01\/nainentutkiisatoaq90-300x200.jpg 300w, https:\/\/www.fieldobservatory.org\/wp-content\/uploads\/2023\/01\/nainentutkiisatoaq90-1024x683.jpg 1024w, https:\/\/www.fieldobservatory.org\/wp-content\/uploads\/2023\/01\/nainentutkiisatoaq90-768x512.jpg 768w\" sizes=\"(max-width: 1332px) 100vw, 1332px\" \/><div class=\"wp-block-cover__inner-container is-layout-flow wp-block-cover-is-layout-flow\">\n<p class=\"has-text-align-center has-large-font-size\"><\/p>\n<\/div><\/div>\n<\/div>\n\n\n<div class=\"wp-block-group intro-box-with-link has-background\" style=\"background-color:#71cdb6\"><div class=\"wp-block-group__inner-container is-layout-flow wp-block-group-is-layout-flow\">\n<h1 class=\"wp-block-heading has-text-align-center has-white-color has-text-color\">MAANVILJELY\u00c4 JA TIEDETT\u00c4<\/h1>\n\n\n\n<p class=\"has-text-align-center h1pc has-observatory-white-color has-text-color\">Carbon Action -tiloilta ja muilta tutkimuspaikoilta ker\u00e4t\u00e4\u00e4n jatkuvasti tietoa erilaisten viljelytoimenpiteiden vaikutuksista maaper\u00e4n hiilensidontaan ja ekosysteemin toimintaan. Tutkijat k\u00e4ytt\u00e4v\u00e4t n\u00e4it\u00e4 tietoja kehitt\u00e4\u00e4kseen entist\u00e4 parempia viljelytoimenpiteit\u00e4 ja laskentamalleja.<\/p>\n\n\n\n<div class=\"wp-block-group is-content-justification-center is-nowrap is-layout-flex wp-container-core-group-is-layout-1 wp-block-group-is-layout-flex\">\n<div class=\"wp-block-buttons is-content-justification-center is-layout-flex wp-container-core-buttons-is-layout-1 wp-block-buttons-is-layout-flex\">\n<div class=\"wp-block-button\"><a class=\"wp-block-button__link has-observatory-highlight-background-color has-background wp-element-button\" href=\"https:\/\/www.bsag.fi\/carbon-action\/tutkimus\/\" target=\"_blank\" rel=\"noreferrer noopener\">Lue lis\u00e4\u00e4 Carbon Action -tutkimuksesta <img decoding=\"async\" width=\"42\" class=\"wp-image-22\" style=\"width: 42px;\" src=\"https:\/\/www.fieldobservatory.org\/wp-content\/uploads\/2023\/01\/ArrowRightWhite.svg\" alt=\"\"><\/a><\/div>\n<\/div>\n<\/div>\n<\/div><\/div>\n\n\n\n<div class=\"wp-block-group o-page-overlay\"><div class=\"wp-block-group__inner-container is-layout-constrained wp-block-group-is-layout-constrained\">\n<h2 class=\"wp-block-heading has-text-align-center has-observatory-highlight-color has-text-color\">KOEASETELMAT JA TUTKIMUSPAIKAT<\/h2>\n\n\n\n<p class=\"h2pc\">Kuinka erilaiset <a href=\"https:\/\/www.bsag.fi\/uudistava-viljely\/\" data-type=\"link\" data-id=\"https:\/\/www.bsag.fi\/en\/regenerative-agriculture\/the-principles-of-regenerative-farming\/\">hiiliviljelytoimenpiteet<\/a> ja maanmuokkausmenetelm\u00e4t vaikuttavat hiilitaseeseen, satoon ja muihin ekosysteemin toimintoihin? Olemme perustaneet useita koeasetelmia ja monitorointisysteemej\u00e4 erilaisille tiloille vastataksemme n\u00e4ihin kysymyksiin.<\/p>\n\n\n\n<p class=\"h2pc\">Jokaisella Carbon Action -tilalla testataan yksil\u00f6llisesti r\u00e4\u00e4t\u00e4l\u00f6ityj\u00e4 hiiliviljelytoimenpiteit\u00e4 1,5 hehtaarin (ha) koealalla. <a href=\"https:\/\/www.bsag.fi\/materiaalit\/miten-viljelijat-suunnittelevat-maaperan-hiilta-lisaavia-toimia\/\" data-type=\"link\" data-id=\"https:\/\/www.bsag.fi\/en\/explore-materials\/how-do-farmers-choose-the-carbon-farming-practices\/\">Verrokkina<\/a> toimii 1,5 ha ala, jossa viljely\u00e4 on jatkettu entiseen tapaan. Jokaista toimenpidett\u00e4 testataan useammalla tilalla, sill\u00e4 tulokset vaihtelevat maaper\u00e4n laadusta, viljelij\u00e4st\u00e4 ja pellon sijainnista riippuen. Pelto-Observatoriossa on n\u00e4ht\u00e4vill\u00e4 20 Carbon Action -maatilaa yhteens\u00e4 noin 100 tilasta.<\/p>\n\n\n\n<p class=\"h2pc\"><br>Lis\u00e4ksi Pelto-Observatoriossa voi tarkastella useita muita tutkimusaloja pelloilla, metsiss\u00e4 ja kaupunkien viheralueilla.<\/p>\n\n\n<div class=\"wp-block-image\">\n<figure class=\"aligncenter size-large\"><img loading=\"lazy\" decoding=\"async\" width=\"1024\" height=\"683\" src=\"https:\/\/www.fieldobservatory.org\/wp-content\/uploads\/2023\/01\/padpellollaq90-1-1024x683.jpg\" alt=\"\" class=\"wp-image-55\" srcset=\"https:\/\/www.fieldobservatory.org\/wp-content\/uploads\/2023\/01\/padpellollaq90-1-1024x683.jpg 1024w, https:\/\/www.fieldobservatory.org\/wp-content\/uploads\/2023\/01\/padpellollaq90-1-300x200.jpg 300w, https:\/\/www.fieldobservatory.org\/wp-content\/uploads\/2023\/01\/padpellollaq90-1-768x513.jpg 768w, https:\/\/www.fieldobservatory.org\/wp-content\/uploads\/2023\/01\/padpellollaq90-1.jpg 1332w\" sizes=\"(max-width: 1024px) 100vw, 1024px\" \/><\/figure><\/div>\n\n\n<div style=\"height:100px\" aria-hidden=\"true\" class=\"wp-block-spacer\"><\/div>\n\n\n\n<h2 class=\"wp-block-heading has-text-align-center has-observatory-highlight-color has-text-color\">PELTO-OBSERVATORIO KER\u00c4\u00c4 TIETOA USEISTA L\u00c4HTEIST\u00c4<\/h2>\n\n\n\n<p class=\"h2pc\">Ekosysteemin toiminnot ja kyky sitoa hiilt\u00e4 riippuvat useasta eri tekij\u00e4st\u00e4. Pelto-Observatoriossa yhdist\u00e4mme mittauksia ja tietoa <a href=\"https:\/\/doi.org\/10.5194\/gi-11-93-2022\" data-type=\"link\" data-id=\"https:\/\/doi.org\/10.5194\/gi-11-93-2022\">monista l\u00e4hteist\u00e4<\/a>.<\/p>\n\n\n\n<div class=\"wp-block-group is-nowrap is-layout-flex wp-container-core-group-is-layout-3 wp-block-group-is-layout-flex\">\n<div class=\"wp-block-columns is-layout-flex wp-container-core-columns-is-layout-1 wp-block-columns-is-layout-flex\">\n<div class=\"wp-block-column is-layout-flow wp-block-column-is-layout-flow\">\n<h3 class=\"wp-block-heading\">MAAN\u00c4YTTEET JA LABORATORIOANALYYSIT<\/h3>\n\n\n\n<p class=\"h3pc\">Olemme ker\u00e4nneet maan\u00e4ytteet kaikilta Advanced Carbon Action -tiloilta vuosittain vuodesta 2019 l\u00e4htien. Olemme analysoineet <a href=\"https:\/\/zenodo.org\/communities\/carbonaction?page=1&amp;size=20\" data-type=\"link\" data-id=\"https:\/\/zenodo.org\/communities\/carbonaction?page=1&amp;size=20\">n\u00e4ytteet <\/a>erilaisilla laboratoriomenetelmill\u00e4 maaper\u00e4n orgaanisen aineen, ravinteiden, fysikaalisten ominaisuuksien ja mikrobiston muutosten seuraamiseksi. Lis\u00e4ksi olemme havainnoineet maaper\u00e4n rakennetta ja kasvillisuuden ominaisuuksia pelloilla.<\/p>\n<\/div>\n\n\n\n<div class=\"wp-block-column is-layout-flow wp-block-column-is-layout-flow\">\n<h3 class=\"wp-block-heading\">MAAPER\u00c4N MITTAUKSET<\/h3>\n\n\n\n<p class=\"h3pc\">Advanced Carbon Action -tiloilla ja intensiivisill\u00e4 tutkimuspaikoilla mitataan maaper\u00e4n olosuhteita, kuten kosteutta, l\u00e4mp\u00f6tilaa ja suolapitoisuutta jatkuvatoimisilla antureilla.<\/p>\n<\/div>\n<\/div>\n<\/div>\n\n\n\n<div class=\"wp-block-group is-nowrap is-layout-flex wp-container-core-group-is-layout-4 wp-block-group-is-layout-flex\">\n<div class=\"wp-block-columns is-layout-flex wp-container-core-columns-is-layout-2 wp-block-columns-is-layout-flex\">\n<div class=\"wp-block-column is-layout-flow wp-block-column-is-layout-flow\">\n<h3 class=\"wp-block-heading\">S\u00c4\u00c4DATA<\/h3>\n\n\n\n<p class=\"h3pc\">Haemme s\u00e4\u00e4tietoa l\u00e4himm\u00e4lt\u00e4 Ilmatieteen laitoksen s\u00e4\u00e4asemalta tai Ruotsin Ilmatieteen laitoksen asemalta, jos tutkimuspaikalla ei ole omaa s\u00e4\u00e4asemaa. <\/p>\n<\/div>\n\n\n\n<div class=\"wp-block-column is-layout-flow wp-block-column-is-layout-flow\">\n<h3 class=\"wp-block-heading\">SATELLIITTIAINEISTOT<\/h3>\n\n\n\n<p class=\"h3pc\">Seuraamme kaikkia tutkimusaloja Sentinel-2 -satelliitin avulla laskeaksemme normalisoidun kasvillisuusindeksin (NDVI) ja arvioidaksemme lehtipinta-alaindeksi\u00e4 (LAI). Tiedot ja kuvat haetaan <a href=\"https:\/\/earthengine.google.com\/\" data-type=\"link\" data-id=\"https:\/\/earthengine.google.com\/\">Google Earth Engine<\/a> -tiedonhallinta-alustalta ja Amazon Web Services:n Open Data -rekisterist\u00e4. Indeksit p\u00e4ivittyv\u00e4t joka toinen p\u00e4iv\u00e4, jos saatavilla olevat kuvat t\u00e4ytt\u00e4v\u00e4t laatukriteerit. We monitor all sites using Sentinel-2 mission high-resolution multispectral images to calculate the Normalized Difference Vegetation Index (NDVI) and estimate Leaf Area Index (LAI).<\/p>\n<\/div>\n<\/div>\n<\/div>\n\n\n\n<div class=\"wp-block-group is-nowrap is-layout-flex wp-container-core-group-is-layout-5 wp-block-group-is-layout-flex\">\n<div class=\"wp-block-columns is-layout-flex wp-container-core-columns-is-layout-3 wp-block-columns-is-layout-flex\">\n<div class=\"wp-block-column is-layout-flow wp-block-column-is-layout-flow\">\n<h3 class=\"wp-block-heading\">KASVIHUONEKAASUJEN JA ENERGIATASEEN MITTAUKSET<\/h3>\n\n\n\n<p class=\"h3pc\">Intensiivisill\u00e4 tutkimuspaikoilla mittaamme kasvihuonekaasujen, veden ja energian virtauksia ekosysteemin ja ilmakeh\u00e4n v\u00e4lill\u00e4 jatkuvatoimisella <a href=\"https:\/\/doi.org\/10.5194\/bg-18-3467-2021\" data-type=\"link\" data-id=\"https:\/\/doi.org\/10.5194\/bg-18-3467-2021\">py\u00f6rrekovarianssi -menetelm\u00e4ll\u00e4<\/a>. Menetelm\u00e4 perustuu kymmenen kertaa sekunnissa teht\u00e4viin mittauksiin pystysuuntaisesta tuulen nopeudesta ja kasvihuonekaasujen pitoisuuksista. Ilmatieteen laitoksen algoritmi suodattaa virheelliset mittaukset automaattisesti ker\u00e4tyst\u00e4 aineistosta ja t\u00e4ytt\u00e4\u00e4 <a href=\"https:\/\/doi.org\/10.1038\/s41598-023-28827-2\" data-type=\"link\" data-id=\"https:\/\/doi.org\/10.1038\/s41598-023-28827-2\">mittausaineiston aukot<\/a>. Automaattisen suodatuksen ja aukkojen t\u00e4yt\u00f6n vuoksi Pelto-Observatoriossa julkaistu data on alustavaa ja se analysoidaan viel\u00e4 tarkemmin ennen tieteellist\u00e4 julkaisemista. Lis\u00e4tietoja py\u00f6rrekovarianssimittauksista voi tiedustella osoitteesta <a href=\"about:blank\">fieldobservatory@fmi.fi<\/a>.<\/p>\n<\/div>\n\n\n\n<div class=\"wp-block-column is-layout-flow wp-block-column-is-layout-flow\">\n<h3 class=\"wp-block-heading\">FOTOSYNTEETTISESTI AKTIIVINEN S\u00c4TEILY<\/h3>\n\n\n\n<p class=\"h3pc\">Haemme datan fotosynteettisesti aktiivisesta s\u00e4teilyst\u00e4 <a href=\"https:\/\/www.soda-pro.com\/web-services\/radiation\/cams-radiation-service\/info\" data-type=\"link\" data-id=\"https:\/\/www.soda-pro.com\/web-services\/radiation\/cams-radiation-service\/info\">Copernicus Atmospheric Monitoring Service (CAMS) Radiation Service -palvelusta<\/a>, jos emme mittaa sit\u00e4 paikan p\u00e4\u00e4ll\u00e4.<\/p>\n<\/div>\n<\/div>\n<\/div>\n<\/div><\/div>\n","protected":false},"excerpt":{"rendered":"<p>MAANVILJELY\u00c4 JA TIEDETT\u00c4 Carbon Action -tiloilta ja muilta tutkimuspaikoilta ker\u00e4t\u00e4\u00e4n jatkuvasti tietoa erilaisten viljelytoimenpiteiden vaikutuksista maaper\u00e4n hiilensidontaan ja ekosysteemin toimintaan. Tutkijat k\u00e4ytt\u00e4v\u00e4t n\u00e4it\u00e4 tietoja kehitt\u00e4\u00e4kseen entist\u00e4 parempia viljelytoimenpiteit\u00e4 ja laskentamalleja. KOEASETELMAT JA TUTKIMUSPAIKAT Kuinka erilaiset hiiliviljelytoimenpiteet ja maanmuokkausmenetelm\u00e4t vaikuttavat hiilitaseeseen, satoon ja muihin ekosysteemin toimintoihin? Olemme perustaneet useita koeasetelmia ja monitorointisysteemej\u00e4 erilaisille tiloille vastataksemme n\u00e4ihin [&hellip;]<\/p>\n","protected":false},"author":2,"featured_media":0,"parent":0,"menu_order":0,"comment_status":"closed","ping_status":"closed","template":"","meta":{"inline_featured_image":false,"footnotes":""},"_links":{"self":[{"href":"https:\/\/www.fieldobservatory.org\/index.php\/wp-json\/wp\/v2\/pages\/2176"}],"collection":[{"href":"https:\/\/www.fieldobservatory.org\/index.php\/wp-json\/wp\/v2\/pages"}],"about":[{"href":"https:\/\/www.fieldobservatory.org\/index.php\/wp-json\/wp\/v2\/types\/page"}],"author":[{"embeddable":true,"href":"https:\/\/www.fieldobservatory.org\/index.php\/wp-json\/wp\/v2\/users\/2"}],"replies":[{"embeddable":true,"href":"https:\/\/www.fieldobservatory.org\/index.php\/wp-json\/wp\/v2\/comments?post=2176"}],"version-history":[{"count":6,"href":"https:\/\/www.fieldobservatory.org\/index.php\/wp-json\/wp\/v2\/pages\/2176\/revisions"}],"predecessor-version":[{"id":2303,"href":"https:\/\/www.fieldobservatory.org\/index.php\/wp-json\/wp\/v2\/pages\/2176\/revisions\/2303"}],"wp:attachment":[{"href":"https:\/\/www.fieldobservatory.org\/index.php\/wp-json\/wp\/v2\/media?parent=2176"}],"curies":[{"name":"wp","href":"https:\/\/api.w.org\/{rel}","templated":true}]}}