{"id":2186,"date":"2023-10-31T09:35:25","date_gmt":"2023-10-31T09:35:25","guid":{"rendered":"https:\/\/www.fieldobservatory.org\/?page_id=2186"},"modified":"2024-02-21T12:24:47","modified_gmt":"2024-02-21T12:24:47","slug":"meista","status":"publish","type":"page","link":"https:\/\/www.fieldobservatory.org\/index.php\/meista\/","title":{"rendered":"MEIST\u00c4"},"content":{"rendered":"<div class=\"wp-block-cover-full-width\">\n<div class=\"wp-block-cover is-light o-cover-subpage\"><span aria-hidden=\"true\" class=\"wp-block-cover__background has-background-dim\"><\/span><img loading=\"lazy\" decoding=\"async\" width=\"1332\" height=\"888\" class=\"wp-block-cover__image-background wp-image-51\" alt=\"\" src=\"https:\/\/www.fieldobservatory.org\/wp-content\/uploads\/2023\/01\/nainentutkiisatoaq90.jpg\" data-object-fit=\"cover\" srcset=\"https:\/\/www.fieldobservatory.org\/wp-content\/uploads\/2023\/01\/nainentutkiisatoaq90.jpg 1332w, https:\/\/www.fieldobservatory.org\/wp-content\/uploads\/2023\/01\/nainentutkiisatoaq90-300x200.jpg 300w, https:\/\/www.fieldobservatory.org\/wp-content\/uploads\/2023\/01\/nainentutkiisatoaq90-1024x683.jpg 1024w, https:\/\/www.fieldobservatory.org\/wp-content\/uploads\/2023\/01\/nainentutkiisatoaq90-768x512.jpg 768w\" sizes=\"(max-width: 1332px) 100vw, 1332px\" \/><div class=\"wp-block-cover__inner-container is-layout-flow wp-block-cover-is-layout-flow\">\n<p class=\"has-text-align-center has-large-font-size\"><\/p>\n<\/div><\/div>\n<\/div>\n\n\n<div class=\"wp-block-group intro-box-with-link has-background\" style=\"background-color:#71cdb6\"><div class=\"wp-block-group__inner-container is-layout-flow wp-block-group-is-layout-flow\">\n<h1 class=\"wp-block-heading has-text-align-center has-white-color has-text-color\">PELTO-OBSERVATORIO ON OSA CARBON ACTION -TUTKIMUSTA<\/h1>\n\n\n\n<p class=\"has-text-align-center h1pc has-white-color has-text-color\">Pelto-Observatorio on osa <a href=\"https:\/\/www.bsag.fi\/carbon-action\/\" data-type=\"link\" data-id=\"https:\/\/www.bsag.fi\/en\/carbon-action-en\/\">Carbon Action -tutkimusta<\/a>, ainutlaatuista ja pitk\u00e4aikaista yhteisty\u00f6t\u00e4, jossa maanviljelij\u00e4t, tutkijat ja yritykset edist\u00e4v\u00e4t uudistavaa maanviljely\u00e4 ruoantuotannon, ymp\u00e4rist\u00f6n ja It\u00e4meren hyv\u00e4ksi.<\/p>\n\n\n\n<p class=\"has-text-align-center h1pc has-observatory-white-color has-text-color\">Jos olet kiinnostunut yhteisty\u00f6st\u00e4, <a href=\"mailto:fieldobservatory@fmi.fi\" data-type=\"mailto\" data-id=\"mailto:fieldobservatory@fmi.fi\">ota meihin yhteytt\u00e4!<\/a><\/p>\n<\/div><\/div>\n\n\n\n<div class=\"wp-block-group o-page-overlay\"><div class=\"wp-block-group__inner-container is-layout-constrained wp-block-group-is-layout-constrained\">\n<figure class=\"wp-block-embed aligncenter is-type-video is-provider-youtube wp-block-embed-youtube wp-embed-aspect-16-9 wp-has-aspect-ratio\"><div class=\"wp-block-embed__wrapper\">\n<iframe loading=\"lazy\" title=\"Carbon Action introduction video\" width=\"500\" height=\"281\" src=\"https:\/\/www.youtube.com\/embed\/BrKbnCLF010?feature=oembed\" frameborder=\"0\" allow=\"accelerometer; autoplay; clipboard-write; encrypted-media; gyroscope; picture-in-picture; web-share\" referrerpolicy=\"strict-origin-when-cross-origin\" allowfullscreen><\/iframe>\n<\/div><\/figure>\n\n\n\n<h2 class=\"wp-block-heading\">Field observatory network <\/h2>\n\n\n\n<p class=\"has-text-align-left h2pc\">Pelto-Observatoriota kehitet\u00e4\u00e4n yhdess\u00e4 <a href=\"https:\/\/doi.org\/10.5194\/gi-11-93-2022\" data-type=\"link\" data-id=\"https:\/\/doi.org\/10.5194\/gi-11-93-2022\">Field Observatory Network (FiON)<\/a> -verkoston kanssa. FiON-verkoston muodostavat tutkijat, viljelij\u00e4t, yritykset ja muut sidosryhm\u00e4t.<\/p>\n\n\n\n<h2 class=\"wp-block-heading wp-embed-aspect-16-9 wp-has-aspect-ratio\">Field Observatory Network j\u00e4senet<\/h2>\n\n\n\n<div class=\"wp-block-group wp-embed-aspect-16-9 wp-has-aspect-ratio is-content-justification-space-between is-nowrap is-layout-flex wp-container-core-group-is-layout-4 wp-block-group-is-layout-flex\">\n<div class=\"wp-block-columns is-layout-flex wp-container-core-columns-is-layout-1 wp-block-columns-is-layout-flex\">\n<div class=\"wp-block-column is-layout-flow wp-block-column-is-layout-flow\">\n<div class=\"wp-block-group\"><div class=\"wp-block-group__inner-container is-layout-flow wp-block-group-is-layout-flow\"><div class=\"wp-block-image\">\n<figure class=\"aligncenter size-full\"><img loading=\"lazy\" decoding=\"async\" width=\"260\" height=\"260\" src=\"https:\/\/www.fieldobservatory.org\/wp-content\/uploads\/2023\/05\/fmi-box.png\" alt=\"\" class=\"wp-image-2023\" srcset=\"https:\/\/www.fieldobservatory.org\/wp-content\/uploads\/2023\/05\/fmi-box.png 260w, https:\/\/www.fieldobservatory.org\/wp-content\/uploads\/2023\/05\/fmi-box-150x150.png 150w\" sizes=\"(max-width: 260px) 100vw, 260px\" \/><\/figure><\/div>\n\n\n<h3 class=\"wp-block-heading\">ILMATIETEEN LAITOS<\/h3>\n\n\n\n<p class=\"h3pc\">Ilmatieteen laitos koordinoi Pelto-Observatorion kehitt\u00e4mist\u00e4. Se vastaa omien tutkimuspaikkojensa mittauksista, satelliittidatan k\u00e4yt\u00f6st\u00e4 sek\u00e4 hiilitaseen ja ilmastovaikutusten mallintamisesta. <a href=\"https:\/\/www.ilmatieteenlaitos.fi\/\" data-type=\"link\" data-id=\"https:\/\/www.ilmatieteenlaitos.fi\/\">Lue lis\u00e4\u00e4<\/a><\/p>\n<\/div><\/div>\n<\/div>\n\n\n\n<div class=\"wp-block-column is-layout-flow wp-block-column-is-layout-flow\">\n<div class=\"wp-block-group\"><div class=\"wp-block-group__inner-container is-layout-flow wp-block-group-is-layout-flow\"><div class=\"wp-block-image\">\n<figure class=\"aligncenter size-full\"><img loading=\"lazy\" decoding=\"async\" width=\"260\" height=\"260\" src=\"https:\/\/www.fieldobservatory.org\/wp-content\/uploads\/2023\/05\/syke-box.png\" alt=\"\" class=\"wp-image-2027\" srcset=\"https:\/\/www.fieldobservatory.org\/wp-content\/uploads\/2023\/05\/syke-box.png 260w, https:\/\/www.fieldobservatory.org\/wp-content\/uploads\/2023\/05\/syke-box-150x150.png 150w\" sizes=\"(max-width: 260px) 100vw, 260px\" \/><\/figure><\/div>\n\n\n<h3 class=\"wp-block-heading\">SUOMEN YMP\u00c4RIST\u00d6KESKUS<\/h3>\n\n\n\n<p class=\"h3pc\">Suomen ymp\u00e4rist\u00f6keskus, SYKE, on monitieteinen tutkimus- ja asiantuntijalaitos, joka k\u00e4sittelee ymp\u00e4rist\u00f6\u00f6n vaikuttavia yhteiskunnallisia kysymyksi\u00e4. Pelto-Observatoriossa SYKE vastaa kentt\u00e4kokeiden seurannasta paikan p\u00e4\u00e4ll\u00e4 Carbon Action -tutkimustiloilla. <a href=\"https:\/\/www.syke.fi\/fi-FI\" data-type=\"link\" data-id=\"https:\/\/www.syke.fi\/fi-FI\">Lue lis\u00e4\u00e4<\/a><\/p>\n<\/div><\/div>\n<\/div>\n<\/div>\n<\/div>\n\n\n\n<div class=\"wp-block-group wp-embed-aspect-16-9 wp-has-aspect-ratio is-nowrap is-layout-flex wp-container-core-group-is-layout-7 wp-block-group-is-layout-flex\">\n<div class=\"wp-block-columns is-layout-flex wp-container-core-columns-is-layout-2 wp-block-columns-is-layout-flex\">\n<div class=\"wp-block-column is-layout-flow wp-block-column-is-layout-flow\">\n<div class=\"wp-block-group\"><div class=\"wp-block-group__inner-container is-layout-flow wp-block-group-is-layout-flow\"><div class=\"wp-block-image\">\n<figure class=\"aligncenter size-full\"><img loading=\"lazy\" decoding=\"async\" width=\"260\" height=\"260\" src=\"https:\/\/www.fieldobservatory.org\/wp-content\/uploads\/2023\/05\/bsag-box.png\" alt=\"\" class=\"wp-image-2022\" srcset=\"https:\/\/www.fieldobservatory.org\/wp-content\/uploads\/2023\/05\/bsag-box.png 260w, https:\/\/www.fieldobservatory.org\/wp-content\/uploads\/2023\/05\/bsag-box-150x150.png 150w\" sizes=\"(max-width: 260px) 100vw, 260px\" \/><\/figure><\/div>\n\n\n<h3 class=\"wp-block-heading\">BALTIC SEA ACTION GROUP<\/h3>\n\n\n\n<p class=\"h3pc\">Baltic Sea Action Group, BSAG, pyrkii palauttamaan It\u00e4meren ekologisen tasapainon. BSAG on Carbon Action -ty\u00f6n aloitteentekij\u00e4 ja koordinaattori. BSAG johtaa vuorovaikutusta ja viestint\u00e4\u00e4 ja on erityisesti vastuussa yhteisty\u00f6n suunnittelusta viljelij\u00f6iden ja yritysten kanssa. <a href=\"https:\/\/www.bsag.fi\/\" data-type=\"link\" data-id=\"https:\/\/www.bsag.fi\/en\/\">Lue lis\u00e4\u00e4<\/a><\/p>\n<\/div><\/div>\n<\/div>\n\n\n\n<div class=\"wp-block-column is-layout-flow wp-block-column-is-layout-flow\">\n<div class=\"wp-block-group\"><div class=\"wp-block-group__inner-container is-layout-flow wp-block-group-is-layout-flow\"><div class=\"wp-block-image\">\n<figure class=\"aligncenter size-full\"><img loading=\"lazy\" decoding=\"async\" width=\"260\" height=\"260\" src=\"https:\/\/www.fieldobservatory.org\/wp-content\/uploads\/2023\/10\/HAMK_Logo_box_FIN.png\" alt=\"\" class=\"wp-image-2190\" srcset=\"https:\/\/www.fieldobservatory.org\/wp-content\/uploads\/2023\/10\/HAMK_Logo_box_FIN.png 260w, https:\/\/www.fieldobservatory.org\/wp-content\/uploads\/2023\/10\/HAMK_Logo_box_FIN-150x150.png 150w\" sizes=\"(max-width: 260px) 100vw, 260px\" \/><\/figure><\/div>\n\n\n<h3 class=\"wp-block-heading\">H\u00c4MEEN AMMATTIKORKEAKOULU<\/h3>\n\n\n\n<p class=\"h3pc\">H\u00e4meen ammattikorkeakoulun (HAMK) Smart Research -yksikk\u00f6 keskittyy digitaalisten palveluiden ja sovellusten edist\u00e4miseen eri sektoreilla. Pelto-observatoriossa HAMK Smart vastaa taustapalveluiden ja k\u00e4ytt\u00f6liittym\u00e4n toteutuksesta. <a href=\"https:\/\/www.hamk.fi\/tutkimusyksikot\/hamk-smart\/\" data-type=\"link\" data-id=\"https:\/\/www.hamk.fi\/research\/hamk-smart\/?lang=en\">Lue lis\u00e4\u00e4<\/a><\/p>\n<\/div><\/div>\n<\/div>\n<\/div>\n<\/div>\n\n\n\n<div class=\"wp-block-group wp-embed-aspect-16-9 wp-has-aspect-ratio is-nowrap is-layout-flex wp-container-core-group-is-layout-9 wp-block-group-is-layout-flex\">\n<div class=\"wp-block-columns is-layout-flex wp-container-core-columns-is-layout-3 wp-block-columns-is-layout-flex\">\n<div class=\"wp-block-column is-layout-flow wp-block-column-is-layout-flow\">\n<div class=\"wp-block-group\"><div class=\"wp-block-group__inner-container is-layout-flow wp-block-group-is-layout-flow\"><div class=\"wp-block-image\">\n<figure class=\"aligncenter size-full\"><img loading=\"lazy\" decoding=\"async\" width=\"260\" height=\"260\" src=\"https:\/\/www.fieldobservatory.org\/wp-content\/uploads\/2023\/05\/hy-box.png\" alt=\"\" class=\"wp-image-2026\" srcset=\"https:\/\/www.fieldobservatory.org\/wp-content\/uploads\/2023\/05\/hy-box.png 260w, https:\/\/www.fieldobservatory.org\/wp-content\/uploads\/2023\/05\/hy-box-150x150.png 150w\" sizes=\"(max-width: 260px) 100vw, 260px\" \/><\/figure><\/div>\n\n\n<h3 class=\"wp-block-heading\">HELSINGIN YLIOPISTO<\/h3>\n\n\n\n<p class=\"h3pc\">Ilmakeh\u00e4tieteiden keskus INAR (Institute for Atmospheric and Earth System Research) on Helsingin yliopistossa toimiva monitieteinen tutkimusyksikk\u00f6. INAR pyrkii vahvistamaan kansainv\u00e4lisesti johtavaa, integroitua monitieteist\u00e4 tutkimus- ja koulutusymp\u00e4rist\u00f6\u00e4 alallaan, sek\u00e4 tarjota tieteellist\u00e4 asiantuntemusta ymp\u00e4rist\u00f6- ja ilmastopolitiikkaan. <a href=\"https:\/\/www.helsinki.fi\/fi\/inar\" data-type=\"link\" data-id=\"https:\/\/www.helsinki.fi\/en\/inar\">Lue lis\u00e4\u00e4<\/a><\/p>\n<\/div><\/div>\n<\/div>\n\n\n\n<div class=\"wp-block-column is-layout-flow wp-block-column-is-layout-flow\"><\/div>\n<\/div>\n<\/div>\n\n\n\n<h2 class=\"wp-block-heading has-text-align-center wp-embed-aspect-16-9 wp-has-aspect-ratio\">Field Observatory Network kumppanit<\/h2>\n\n\n\n<div class=\"wp-block-group wp-embed-aspect-16-9 wp-has-aspect-ratio is-content-justification-center is-nowrap is-layout-flex wp-container-core-group-is-layout-10 wp-block-group-is-layout-flex\">\n<figure class=\"wp-block-image size-full is-resized\"><img loading=\"lazy\" decoding=\"async\" width=\"765\" height=\"493\" src=\"https:\/\/www.fieldobservatory.org\/wp-content\/uploads\/2023\/05\/VALIO_logo.png\" alt=\"\" class=\"wp-image-1986\" srcset=\"https:\/\/www.fieldobservatory.org\/wp-content\/uploads\/2023\/05\/VALIO_logo.png 765w, https:\/\/www.fieldobservatory.org\/wp-content\/uploads\/2023\/05\/VALIO_logo-300x193.png 300w\" sizes=\"(max-width: 765px) 100vw, 765px\" \/><\/figure>\n\n\n\n<figure class=\"wp-block-image size-large is-resized\"><img loading=\"lazy\" decoding=\"async\" width=\"1024\" height=\"234\" src=\"https:\/\/www.fieldobservatory.org\/wp-content\/uploads\/2023\/01\/cropped-ny_logga_black-1024x234.png\" alt=\"\" class=\"wp-image-28\" srcset=\"https:\/\/www.fieldobservatory.org\/wp-content\/uploads\/2023\/01\/cropped-ny_logga_black-1024x234.png 1024w, https:\/\/www.fieldobservatory.org\/wp-content\/uploads\/2023\/01\/cropped-ny_logga_black-300x69.png 300w, https:\/\/www.fieldobservatory.org\/wp-content\/uploads\/2023\/01\/cropped-ny_logga_black-768x176.png 768w, https:\/\/www.fieldobservatory.org\/wp-content\/uploads\/2023\/01\/cropped-ny_logga_black.png 1290w\" sizes=\"(max-width: 1024px) 100vw, 1024px\" \/><\/figure>\n\n\n\n<figure class=\"wp-block-image size-large is-resized\"><img loading=\"lazy\" decoding=\"async\" width=\"1024\" height=\"166\" src=\"https:\/\/www.fieldobservatory.org\/wp-content\/uploads\/2023\/03\/LM_KONCERN_RGB-1024x166.png\" alt=\"\" class=\"wp-image-1949\" srcset=\"https:\/\/www.fieldobservatory.org\/wp-content\/uploads\/2023\/03\/LM_KONCERN_RGB-1024x166.png 1024w, https:\/\/www.fieldobservatory.org\/wp-content\/uploads\/2023\/03\/LM_KONCERN_RGB-300x49.png 300w, https:\/\/www.fieldobservatory.org\/wp-content\/uploads\/2023\/03\/LM_KONCERN_RGB-768x125.png 768w, https:\/\/www.fieldobservatory.org\/wp-content\/uploads\/2023\/03\/LM_KONCERN_RGB.png 1405w\" sizes=\"(max-width: 1024px) 100vw, 1024px\" \/><\/figure>\n<\/div>\n\n\n\n<div style=\"height:50px\" aria-hidden=\"true\" class=\"wp-block-spacer\"><\/div>\n<\/div><\/div>\n","protected":false},"excerpt":{"rendered":"<p>PELTO-OBSERVATORIO ON OSA CARBON ACTION -TUTKIMUSTA Pelto-Observatorio on osa Carbon Action -tutkimusta, ainutlaatuista ja pitk\u00e4aikaista yhteisty\u00f6t\u00e4, jossa maanviljelij\u00e4t, tutkijat ja yritykset edist\u00e4v\u00e4t uudistavaa maanviljely\u00e4 ruoantuotannon, ymp\u00e4rist\u00f6n ja It\u00e4meren hyv\u00e4ksi. Jos olet kiinnostunut yhteisty\u00f6st\u00e4, ota meihin yhteytt\u00e4! Field observatory network Pelto-Observatoriota kehitet\u00e4\u00e4n yhdess\u00e4 Field Observatory Network (FiON) -verkoston kanssa. FiON-verkoston muodostavat tutkijat, viljelij\u00e4t, yritykset ja muut [&hellip;]<\/p>\n","protected":false},"author":2,"featured_media":104,"parent":0,"menu_order":0,"comment_status":"closed","ping_status":"closed","template":"","meta":{"inline_featured_image":false,"footnotes":""},"_links":{"self":[{"href":"https:\/\/www.fieldobservatory.org\/index.php\/wp-json\/wp\/v2\/pages\/2186"}],"collection":[{"href":"https:\/\/www.fieldobservatory.org\/index.php\/wp-json\/wp\/v2\/pages"}],"about":[{"href":"https:\/\/www.fieldobservatory.org\/index.php\/wp-json\/wp\/v2\/types\/page"}],"author":[{"embeddable":true,"href":"https:\/\/www.fieldobservatory.org\/index.php\/wp-json\/wp\/v2\/users\/2"}],"replies":[{"embeddable":true,"href":"https:\/\/www.fieldobservatory.org\/index.php\/wp-json\/wp\/v2\/comments?post=2186"}],"version-history":[{"count":7,"href":"https:\/\/www.fieldobservatory.org\/index.php\/wp-json\/wp\/v2\/pages\/2186\/revisions"}],"predecessor-version":[{"id":2304,"href":"https:\/\/www.fieldobservatory.org\/index.php\/wp-json\/wp\/v2\/pages\/2186\/revisions\/2304"}],"wp:featuredmedia":[{"embeddable":true,"href":"https:\/\/www.fieldobservatory.org\/index.php\/wp-json\/"}],"wp:attachment":[{"href":"https:\/\/www.fieldobservatory.org\/index.php\/wp-json\/wp\/v2\/media?parent=2186"}],"curies":[{"name":"wp","href":"https:\/\/api.w.org\/{rel}","templated":true}]}}