{"id":2194,"date":"2023-10-31T09:35:23","date_gmt":"2023-10-31T09:35:23","guid":{"rendered":"https:\/\/www.fieldobservatory.org\/?page_id=2194"},"modified":"2024-02-21T12:34:11","modified_gmt":"2024-02-21T12:34:11","slug":"tilat","status":"publish","type":"page","link":"https:\/\/www.fieldobservatory.org\/index.php\/tilat\/","title":{"rendered":"Tilat"},"content":{"rendered":"<div class=\"wp-block-cover-full-width\">\n<div class=\"wp-block-cover is-light o-cover-subpage\"><span aria-hidden=\"true\" class=\"wp-block-cover__background has-background-dim\"><\/span><img loading=\"lazy\" decoding=\"async\" width=\"1628\" height=\"916\" class=\"wp-block-cover__image-background wp-image-58\" alt=\"\" src=\"https:\/\/www.fieldobservatory.org\/wp-content\/uploads\/2023\/01\/pelto_CA_resized-1.jpg\" data-object-fit=\"cover\" srcset=\"https:\/\/www.fieldobservatory.org\/wp-content\/uploads\/2023\/01\/pelto_CA_resized-1.jpg 1628w, https:\/\/www.fieldobservatory.org\/wp-content\/uploads\/2023\/01\/pelto_CA_resized-1-300x169.jpg 300w, https:\/\/www.fieldobservatory.org\/wp-content\/uploads\/2023\/01\/pelto_CA_resized-1-1024x576.jpg 1024w, https:\/\/www.fieldobservatory.org\/wp-content\/uploads\/2023\/01\/pelto_CA_resized-1-768x432.jpg 768w, https:\/\/www.fieldobservatory.org\/wp-content\/uploads\/2023\/01\/pelto_CA_resized-1-1536x864.jpg 1536w\" sizes=\"(max-width: 1628px) 100vw, 1628px\" \/><div class=\"wp-block-cover__inner-container is-layout-flow wp-block-cover-is-layout-flow\">\n<p class=\"has-text-align-center has-large-font-size\"><\/p>\n<\/div><\/div>\n<\/div>\n\n\n<div class=\"wp-block-group intro-box-with-link has-background\" style=\"background-color:#71cdb6\"><div class=\"wp-block-group__inner-container is-layout-flow wp-block-group-is-layout-flow\">\n<h1 class=\"wp-block-heading has-text-align-center has-white-color has-text-color\">ESITTELYTILAT<\/h1>\n\n\n\n<p class=\"has-text-align-center h1pc has-white-color has-text-color\"><\/p>\n\n\n\n<div class=\"wp-block-group is-content-justification-center is-nowrap is-layout-flex wp-container-core-group-is-layout-1 wp-block-group-is-layout-flex\">\n<div class=\"wp-block-buttons is-content-justification-center is-layout-flex wp-container-core-buttons-is-layout-1 wp-block-buttons-is-layout-flex\"><\/div>\n<\/div>\n<\/div><\/div>\n\n\n\n<div class=\"wp-block-group o-page-overlay o-inline-content\"><div class=\"wp-block-group__inner-container is-layout-constrained wp-block-group-is-layout-constrained\">\n<div class=\"wp-block-group observatory-case-left observatory-case\"><div class=\"wp-block-group__inner-container is-layout-flow wp-block-group-is-layout-flow\">\n<div class=\"wp-block-columns cols-align-bottom is-layout-flex wp-container-core-columns-is-layout-1 wp-block-columns-is-layout-flex\">\n<div class=\"wp-block-column observatory-case-column is-layout-flow wp-block-column-is-layout-flow\">\n<figure class=\"wp-block-image size-large\"><img loading=\"lazy\" decoding=\"async\" width=\"1024\" height=\"683\" src=\"https:\/\/www.fieldobservatory.org\/wp-content\/uploads\/2023\/01\/Qvidja-MaijaAstikainen-1584-1600x0-c-default-1024x683.jpg\" alt=\"\" class=\"wp-image-70\" srcset=\"https:\/\/www.fieldobservatory.org\/wp-content\/uploads\/2023\/01\/Qvidja-MaijaAstikainen-1584-1600x0-c-default-1024x683.jpg 1024w, https:\/\/www.fieldobservatory.org\/wp-content\/uploads\/2023\/01\/Qvidja-MaijaAstikainen-1584-1600x0-c-default-300x200.jpg 300w, https:\/\/www.fieldobservatory.org\/wp-content\/uploads\/2023\/01\/Qvidja-MaijaAstikainen-1584-1600x0-c-default-768x512.jpg 768w, https:\/\/www.fieldobservatory.org\/wp-content\/uploads\/2023\/01\/Qvidja-MaijaAstikainen-1584-1600x0-c-default-1536x1024.jpg 1536w, https:\/\/www.fieldobservatory.org\/wp-content\/uploads\/2023\/01\/Qvidja-MaijaAstikainen-1584-1600x0-c-default.jpg 1600w\" sizes=\"(max-width: 1024px) 100vw, 1024px\" \/><\/figure>\n<\/div>\n\n\n\n<div class=\"wp-block-column observatory-case-column has-observatory-highlight-background-color has-background is-layout-flow wp-block-column-is-layout-flow\">\n<h2 class=\"wp-block-heading has-observatory-white-color has-text-color\">QVIDJAN TILA PARAISILLA<\/h2>\n\n\n\n<p class=\"h2pc o-case-padding link-no-style has-observatory-white-color has-text-color\">Qvidjan tila Paraisilla on yksi Pelto-Observatorion tutkimustiloista. Tila sijaitsee It\u00e4meren rannalla Lounais-Suomessa, ja sill\u00e4 on pitk\u00e4 historia. Tilalla sijaitsee keskiaikainen harmaakivinen linna ja tilan peltoja on viljelty yli tuhannen vuoden ajan. Nyky\u00e4\u00e4n tilalla kokeillaan ja tutkitaan ravinteiden kierr\u00e4tyst\u00e4 ja erilaisia ymp\u00e4rist\u00f6yst\u00e4v\u00e4llisi\u00e4 ja hiilt\u00e4 sitovia maataloustoimia, joiden avulla v\u00e4ltet\u00e4\u00e4n ravinteiden huuhtoutumista It\u00e4mereen. <a href=\"https:\/\/www.qvidja.fi\/en\/front-page\/\" data-type=\"link\" data-id=\"https:\/\/www.qvidja.fi\/en\/front-page\/\">Tilan pelloilla<\/a> tehd\u00e4\u00e4n Carbon Action -tutkimusta monin mittausmenetelmin.<\/p>\n\n\n\n<div class=\"wp-block-group observatory-case-row is-nowrap is-layout-flex wp-container-core-group-is-layout-3 wp-block-group-is-layout-flex\">\n<div class=\"wp-block-buttons is-layout-flex wp-block-buttons-is-layout-flex\">\n<div class=\"wp-block-button o-column-button\"><a class=\"wp-block-button__link has-observatory-white-color has-observatory-highlight-background-color has-text-color has-background wp-element-button\" href=\"https:\/\/www.fieldobservatory.org\/index.php\/fi\/case-qvidja-fi\/\">Lue lis\u00e4\u00e4 <img decoding=\"async\" width=\"42\" class=\"wp-image-22\" style=\"width: 42px;\" src=\"https:\/\/www.fieldobservatory.org\/wp-content\/uploads\/2023\/01\/ArrowRightWhite.svg\" alt=\"\"><style type=\"text\/css\"> .st0{fill:#FFFFFF;} .st1{fill:none;stroke:#74C9B4;stroke-width:0.75;stroke-miterlimit:10;} <\/style><\/a><\/div>\n<\/div>\n<\/div>\n<\/div>\n<\/div>\n<\/div><\/div>\n\n\n\n<div class=\"wp-block-group observatory-case-right observatory-case\"><div class=\"wp-block-group__inner-container is-layout-flow wp-block-group-is-layout-flow\">\n<div class=\"wp-block-columns cols-align-bottom is-layout-flex wp-container-core-columns-is-layout-2 wp-block-columns-is-layout-flex\">\n<div class=\"wp-block-column observatory-case-column has-observatory-highlight-background-color has-background is-layout-flow wp-block-column-is-layout-flow\">\n<h2 class=\"wp-block-heading has-observatory-white-color has-text-color\">HALTIALAN TILA HELSINGISS\u00c4<\/h2>\n\n\n\n<p class=\"h2pc o-case-padding link-no-style has-observatory-white-color has-text-color\">Pohjois-Helsingiss\u00e4 Vantaanjoen rannalla on ikivanhaa suomalaista maalaismaisemaa. Haltialan tila on kaupungin omistama karjatila. Peltoalueet ovat osa vanhaa, kulttuurillisesti merkitt\u00e4v\u00e4\u00e4 kartanoymp\u00e4rist\u00f6\u00e4, jonka 1400-luvulla alkaneet viljelyperinteet jatkuvat edelleen osana Helsingin viheralueverkostoa. Haltiala on suosittu retkikohde, ja Helsingin yliopisto sek\u00e4 Ilmatieteen laitos tekev\u00e4t intensiivist\u00e4 Carbon Action -tutkimusta tilan pelloilla.<\/p>\n\n\n\n<div class=\"wp-block-group observatory-case-row is-nowrap is-layout-flex wp-container-core-group-is-layout-5 wp-block-group-is-layout-flex\">\n<div class=\"wp-block-buttons is-layout-flex wp-block-buttons-is-layout-flex\">\n<div class=\"wp-block-button has-custom-width wp-block-button__width-100 o-column-button\"><a class=\"wp-block-button__link has-observatory-white-color has-observatory-highlight-background-color has-text-color has-background wp-element-button\" href=\"https:\/\/www.fieldobservatory.org\/index.php\/fi\/case-haltiala-fi\/\">Lue lis\u00e4\u00e4 <img decoding=\"async\" width=\"42\" class=\"wp-image-22\" style=\"width: 42px;\" src=\"https:\/\/www.fieldobservatory.org\/wp-content\/uploads\/2023\/01\/ArrowRightWhite.svg\" alt=\"\"><\/a><\/div>\n<\/div>\n<\/div>\n<\/div>\n\n\n\n<div class=\"wp-block-column observatory-case-column is-layout-flow wp-block-column-is-layout-flow\">\n<figure class=\"wp-block-image size-full\"><img loading=\"lazy\" decoding=\"async\" width=\"800\" height=\"532\" src=\"https:\/\/www.fieldobservatory.org\/wp-content\/uploads\/2023\/01\/haltiala-lammas.jpg\" alt=\"\" class=\"wp-image-33\" srcset=\"https:\/\/www.fieldobservatory.org\/wp-content\/uploads\/2023\/01\/haltiala-lammas.jpg 800w, https:\/\/www.fieldobservatory.org\/wp-content\/uploads\/2023\/01\/haltiala-lammas-300x200.jpg 300w, https:\/\/www.fieldobservatory.org\/wp-content\/uploads\/2023\/01\/haltiala-lammas-768x511.jpg 768w\" sizes=\"(max-width: 800px) 100vw, 800px\" \/><\/figure>\n<\/div>\n<\/div>\n<\/div><\/div>\n\n\n\n<div class=\"wp-block-group observatory-case-left observatory-case\"><div class=\"wp-block-group__inner-container is-layout-flow wp-block-group-is-layout-flow\">\n<div class=\"wp-block-columns cols-align-bottom is-layout-flex wp-container-core-columns-is-layout-3 wp-block-columns-is-layout-flex\">\n<div class=\"wp-block-column observatory-case-column is-layout-flow wp-block-column-is-layout-flow\">\n<figure class=\"wp-block-image size-large\"><img loading=\"lazy\" decoding=\"async\" width=\"1024\" height=\"577\" src=\"https:\/\/www.fieldobservatory.org\/wp-content\/uploads\/2023\/05\/viikki_lehmat-1024x577.jpg\" alt=\"\" class=\"wp-image-2052\" srcset=\"https:\/\/www.fieldobservatory.org\/wp-content\/uploads\/2023\/05\/viikki_lehmat-1024x577.jpg 1024w, https:\/\/www.fieldobservatory.org\/wp-content\/uploads\/2023\/05\/viikki_lehmat-300x169.jpg 300w, https:\/\/www.fieldobservatory.org\/wp-content\/uploads\/2023\/05\/viikki_lehmat-768x432.jpg 768w, https:\/\/www.fieldobservatory.org\/wp-content\/uploads\/2023\/05\/viikki_lehmat-1536x865.jpg 1536w, https:\/\/www.fieldobservatory.org\/wp-content\/uploads\/2023\/05\/viikki_lehmat-2048x1153.jpg 2048w\" sizes=\"(max-width: 1024px) 100vw, 1024px\" \/><\/figure>\n<\/div>\n\n\n\n<div class=\"wp-block-column observatory-case-column has-observatory-highlight-background-color has-background is-layout-flow wp-block-column-is-layout-flow\">\n<h2 class=\"wp-block-heading has-observatory-white-color has-text-color\">VIIKIN TUTKIMUS- JA KOETILA HELSINGISS\u00c4<\/h2>\n\n\n\n<p class=\"h2pc o-case-padding link-no-style has-observatory-white-color has-text-color\">Helsingin yliopiston hallinnoimalla Viikin koetilalla sijaitsee kattava jatkuvatoiminen ja pitk\u00e4aikainen maatalousekosysteemin mittausasema, joka on toinen kahdesta SMEAR-Agri -tutkimusasemasta.<\/p>\n\n\n\n<div class=\"wp-block-group observatory-case-row is-nowrap is-layout-flex wp-container-core-group-is-layout-7 wp-block-group-is-layout-flex\">\n<div class=\"wp-block-buttons is-layout-flex wp-block-buttons-is-layout-flex\">\n<div class=\"wp-block-button has-custom-width wp-block-button__width-100 o-column-button\"><a class=\"wp-block-button__link has-observatory-white-color has-observatory-highlight-background-color has-text-color has-background wp-element-button\" href=\"https:\/\/www.fieldobservatory.org\/index.php\/fi\/case-viikki-fi\/\">Lue lis\u00e4\u00e4<img decoding=\"async\" width=\"42\" class=\"wp-image-22\" style=\"width: 42px;\" src=\"https:\/\/www.fieldobservatory.org\/wp-content\/uploads\/2023\/01\/ArrowRightWhite.svg\" alt=\"\"><\/a><\/div>\n<\/div>\n<\/div>\n<\/div>\n<\/div>\n<\/div><\/div>\n\n\n\n<div style=\"height:100px\" aria-hidden=\"true\" class=\"wp-block-spacer\"><\/div>\n<\/div><\/div>\n","protected":false},"excerpt":{"rendered":"<p>ESITTELYTILAT QVIDJAN TILA PARAISILLA Qvidjan tila Paraisilla on yksi Pelto-Observatorion tutkimustiloista. Tila sijaitsee It\u00e4meren rannalla Lounais-Suomessa, ja sill\u00e4 on pitk\u00e4 historia. Tilalla sijaitsee keskiaikainen harmaakivinen linna ja tilan peltoja on viljelty yli tuhannen vuoden ajan. Nyky\u00e4\u00e4n tilalla kokeillaan ja tutkitaan ravinteiden kierr\u00e4tyst\u00e4 ja erilaisia ymp\u00e4rist\u00f6yst\u00e4v\u00e4llisi\u00e4 ja hiilt\u00e4 sitovia maataloustoimia, joiden avulla v\u00e4ltet\u00e4\u00e4n ravinteiden huuhtoutumista It\u00e4mereen. [&hellip;]<\/p>\n","protected":false},"author":2,"featured_media":0,"parent":0,"menu_order":0,"comment_status":"closed","ping_status":"closed","template":"","meta":{"inline_featured_image":false,"footnotes":""},"_links":{"self":[{"href":"https:\/\/www.fieldobservatory.org\/index.php\/wp-json\/wp\/v2\/pages\/2194"}],"collection":[{"href":"https:\/\/www.fieldobservatory.org\/index.php\/wp-json\/wp\/v2\/pages"}],"about":[{"href":"https:\/\/www.fieldobservatory.org\/index.php\/wp-json\/wp\/v2\/types\/page"}],"author":[{"embeddable":true,"href":"https:\/\/www.fieldobservatory.org\/index.php\/wp-json\/wp\/v2\/users\/2"}],"replies":[{"embeddable":true,"href":"https:\/\/www.fieldobservatory.org\/index.php\/wp-json\/wp\/v2\/comments?post=2194"}],"version-history":[{"count":3,"href":"https:\/\/www.fieldobservatory.org\/index.php\/wp-json\/wp\/v2\/pages\/2194\/revisions"}],"predecessor-version":[{"id":2313,"href":"https:\/\/www.fieldobservatory.org\/index.php\/wp-json\/wp\/v2\/pages\/2194\/revisions\/2313"}],"wp:attachment":[{"href":"https:\/\/www.fieldobservatory.org\/index.php\/wp-json\/wp\/v2\/media?parent=2194"}],"curies":[{"name":"wp","href":"https:\/\/api.w.org\/{rel}","templated":true}]}}