{"id":2196,"date":"2023-10-31T09:35:21","date_gmt":"2023-10-31T09:35:21","guid":{"rendered":"https:\/\/www.fieldobservatory.org\/?page_id=2196"},"modified":"2024-02-21T12:00:12","modified_gmt":"2024-02-21T12:00:12","slug":"case-haltiala-fi","status":"publish","type":"page","link":"https:\/\/www.fieldobservatory.org\/index.php\/case-haltiala-fi\/","title":{"rendered":"CASE Haltiala fi"},"content":{"rendered":"<div class=\"wp-block-cover-full-width\">\n<div class=\"wp-block-cover o-cover-subpage\"><span aria-hidden=\"true\" class=\"wp-block-cover__background has-background-dim\"><\/span><img loading=\"lazy\" decoding=\"async\" width=\"800\" height=\"532\" class=\"wp-block-cover__image-background wp-image-33\" alt=\"\" src=\"https:\/\/www.fieldobservatory.org\/wp-content\/uploads\/2023\/01\/haltiala-lammas.jpg\" data-object-fit=\"cover\" srcset=\"https:\/\/www.fieldobservatory.org\/wp-content\/uploads\/2023\/01\/haltiala-lammas.jpg 800w, https:\/\/www.fieldobservatory.org\/wp-content\/uploads\/2023\/01\/haltiala-lammas-300x200.jpg 300w, https:\/\/www.fieldobservatory.org\/wp-content\/uploads\/2023\/01\/haltiala-lammas-768x511.jpg 768w\" sizes=\"(max-width: 800px) 100vw, 800px\" \/><div class=\"wp-block-cover__inner-container is-layout-flow wp-block-cover-is-layout-flow\">\n<p class=\"has-text-align-center has-large-font-size\"><\/p>\n<\/div><\/div>\n<\/div>\n\n\n<div class=\"wp-block-group intro-box-with-link has-background\" style=\"background-color:#71cdb6\"><div class=\"wp-block-group__inner-container is-layout-flow wp-block-group-is-layout-flow\">\n<h1 class=\"wp-block-heading has-text-align-center has-white-color has-text-color\">HALTIALAN TILA HELSINGISS\u00c4<\/h1>\n\n\n\n<p class=\"has-text-align-center h1pc has-observatory-white-color has-text-color\">Pohjois-Helsingiss\u00e4 Vantaanjoen rannalla on ikivanhaa suomalaista maalaismaisemaa. Haltialan tila on kaupungin omistama karjatila. Peltoalueet ovat osa vanhaa, kulttuurillisesti merkitt\u00e4v\u00e4\u00e4 kartanoymp\u00e4rist\u00f6\u00e4, jonka 1400-luvulla alkaneet viljelyperinteet jatkuvat edelleen osana Helsingin viheralueverkostoa. Haltiala on suosittu retkikohde, ja Helsingin yliopisto sek\u00e4 Ilmatieteen laitos tekev\u00e4t intensiivist\u00e4 Carbon Action -tutkimusta tilan pelloilla.<\/p>\n<\/div><\/div>\n\n\n\n<div class=\"wp-block-group o-page-overlay\"><div class=\"wp-block-group__inner-container is-layout-constrained wp-block-group-is-layout-constrained\">\n<h2 class=\"wp-block-heading\">KUINKA MAAPER\u00c4N HIILIVARASTO MUUTTUU HALTIALAN TUTKIMUSPELLOLLA<\/h2>\n\n\n\n<div id=\"chart_container\" class=\"casepage chart_gridcontainer\" style=\"min-height:507px;\"><\/div>\n\n\n\n<h2 class=\"wp-block-heading\">LUOMUVILJELY\u00c4 TAVALLISTEN MENETELMIEN RINNALLA<\/h2>\n\n\n\n<p>Haltialan tilalla on noin 202 hehtaaria peltoja, joilla kasvatetaan kotimaisia viljakasveja, kuten kauraa, ruista, ohraa ja vehn\u00e4\u00e4.<\/p>\n\n\n\n<p>Tilan peltoja viljell\u00e4\u00e4n p\u00e4\u00e4asiassa tavanomaisilla viljelymenetelmill\u00e4, muun muassa mineraalilannoitteita k\u00e4ytt\u00e4en. Rikkakasveja, tuhohy\u00f6nteisi\u00e4 ja kasvitauteja hallitaan torjunta-aineilla.<\/p>\n\n\n\n<p>Luomuviljely\u00e4 testataan noin 30 hehtaarilla, joilla kasveja lannoitetaan el\u00e4inten lannalla. Samoilla pelloilla kasvatetaan esimerkiksi typensitojakasveja, kuten apilaa ja herneit\u00e4, jotka auttavat typen lis\u00e4\u00e4misess\u00e4 maaper\u00e4\u00e4n ja edist\u00e4v\u00e4t ravinteiden kiertoa. Haltialan luomupelloilla rikkakasvien torjunta ja tuhoel\u00e4inten hallinta hoidetaan mekaanisin menetelmin sek\u00e4 vahvistamalla kasvien luonnollisia puolustusmekanismeja.<\/p>\n\n\n<div class=\"wp-block-image\">\n<figure class=\"aligncenter size-full\"><img loading=\"lazy\" decoding=\"async\" width=\"517\" height=\"692\" src=\"https:\/\/www.fieldobservatory.org\/wp-content\/uploads\/2023\/01\/Haltiala.jpg\" alt=\"\" class=\"wp-image-32\" srcset=\"https:\/\/www.fieldobservatory.org\/wp-content\/uploads\/2023\/01\/Haltiala.jpg 517w, https:\/\/www.fieldobservatory.org\/wp-content\/uploads\/2023\/01\/Haltiala-224x300.jpg 224w\" sizes=\"(max-width: 517px) 100vw, 517px\" \/><\/figure><\/div>\n\n\n<div style=\"height:100px\" aria-hidden=\"true\" class=\"wp-block-spacer\"><\/div>\n\n\n\n<h2 class=\"wp-block-heading has-text-align-center\">MITTAUKSET P\u00c4HKIN\u00c4NKUORESSA<\/h2>\n\n\n\n<p>Haltialan tilalla pellon hiilensidontaa ja hiilip\u00e4\u00e4st\u00f6j\u00e4 seurataan jatkuvatoimisilla mittalaitteilla.<\/p>\n\n\n\n<p>Lis\u00e4ksi maan olosuhteita, kuten l\u00e4mp\u00f6tilaa ja kosteutta, seurataan antureiden avulla, ja peltojen kasvipeitett\u00e4 seurataan satelliittikuvien avulla.<\/p>\n\n\n\n<p>Mittausten lis\u00e4ksi hiilen sitomista tutkitaan yhdist\u00e4m\u00e4ll\u00e4 ker\u00e4tty tieto ja aineistot matemaattiseen mallintamiseen. T\u00e4m\u00e4 mahdollistaa paremman ymm\u00e4rryksen s\u00e4\u00e4n ja viljelyk\u00e4yt\u00e4nt\u00f6jen vaikutuksista hiilen sitoutumiseen maaper\u00e4\u00e4n. Haltiala on toinen Helsingin yliopiston kahdesta <a href=\"https:\/\/www.atm.helsinki.fi\/smear\/index.php\/smear-agri\" data-type=\"link\" data-id=\"https:\/\/www.atm.helsinki.fi\/smear\/index.php\/smear-agri\">SMEAR-Agri -tutkimusasemasta.<\/a><\/p>\n\n\n<div class=\"wp-block-image\">\n<figure class=\"aligncenter size-full\"><img loading=\"lazy\" decoding=\"async\" width=\"800\" height=\"532\" src=\"https:\/\/www.fieldobservatory.org\/wp-content\/uploads\/2023\/01\/haltiala-lammas.jpg\" alt=\"\" class=\"wp-image-33\" srcset=\"https:\/\/www.fieldobservatory.org\/wp-content\/uploads\/2023\/01\/haltiala-lammas.jpg 800w, https:\/\/www.fieldobservatory.org\/wp-content\/uploads\/2023\/01\/haltiala-lammas-300x200.jpg 300w, https:\/\/www.fieldobservatory.org\/wp-content\/uploads\/2023\/01\/haltiala-lammas-768x511.jpg 768w\" sizes=\"(max-width: 800px) 100vw, 800px\" \/><\/figure><\/div>\n\n\n<div style=\"height:100px\" aria-hidden=\"true\" class=\"wp-block-spacer\"><\/div>\n\n\n\n<div class=\"wp-block-buttons is-content-justification-center is-layout-flex wp-container-core-buttons-is-layout-1 wp-block-buttons-is-layout-flex\">\n<div class=\"wp-block-button\"><a class=\"wp-block-button__link has-observatory-highlight-background-color has-background wp-element-button\" href=\"https:\/\/www.fieldobservatory.org\/index.php\/fi\/online-field-data-fi\/?site=haltiala\">Lis\u00e4tietoja Haltialan mittauksista<\/a><\/div>\n<\/div>\n\n\n\n<div style=\"height:100px\" aria-hidden=\"true\" class=\"wp-block-spacer\"><\/div>\n<\/div><\/div>\n","protected":false},"excerpt":{"rendered":"<p>HALTIALAN TILA HELSINGISS\u00c4 Pohjois-Helsingiss\u00e4 Vantaanjoen rannalla on ikivanhaa suomalaista maalaismaisemaa. Haltialan tila on kaupungin omistama karjatila. Peltoalueet ovat osa vanhaa, kulttuurillisesti merkitt\u00e4v\u00e4\u00e4 kartanoymp\u00e4rist\u00f6\u00e4, jonka 1400-luvulla alkaneet viljelyperinteet jatkuvat edelleen osana Helsingin viheralueverkostoa. Haltiala on suosittu retkikohde, ja Helsingin yliopisto sek\u00e4 Ilmatieteen laitos tekev\u00e4t intensiivist\u00e4 Carbon Action -tutkimusta tilan pelloilla. KUINKA MAAPER\u00c4N HIILIVARASTO MUUTTUU HALTIALAN TUTKIMUSPELLOLLA [&hellip;]<\/p>\n","protected":false},"author":2,"featured_media":0,"parent":0,"menu_order":0,"comment_status":"closed","ping_status":"closed","template":"","meta":{"inline_featured_image":false,"footnotes":""},"_links":{"self":[{"href":"https:\/\/www.fieldobservatory.org\/index.php\/wp-json\/wp\/v2\/pages\/2196"}],"collection":[{"href":"https:\/\/www.fieldobservatory.org\/index.php\/wp-json\/wp\/v2\/pages"}],"about":[{"href":"https:\/\/www.fieldobservatory.org\/index.php\/wp-json\/wp\/v2\/types\/page"}],"author":[{"embeddable":true,"href":"https:\/\/www.fieldobservatory.org\/index.php\/wp-json\/wp\/v2\/users\/2"}],"replies":[{"embeddable":true,"href":"https:\/\/www.fieldobservatory.org\/index.php\/wp-json\/wp\/v2\/comments?post=2196"}],"version-history":[{"count":5,"href":"https:\/\/www.fieldobservatory.org\/index.php\/wp-json\/wp\/v2\/pages\/2196\/revisions"}],"predecessor-version":[{"id":2287,"href":"https:\/\/www.fieldobservatory.org\/index.php\/wp-json\/wp\/v2\/pages\/2196\/revisions\/2287"}],"wp:attachment":[{"href":"https:\/\/www.fieldobservatory.org\/index.php\/wp-json\/wp\/v2\/media?parent=2196"}],"curies":[{"name":"wp","href":"https:\/\/api.w.org\/{rel}","templated":true}]}}