{"id":331,"date":"2021-06-30T06:14:51","date_gmt":"2021-06-30T06:14:51","guid":{"rendered":"https:\/\/fieldobeservatorywp.azurewebsites.net\/?page_id=331"},"modified":"2025-02-12T07:18:37","modified_gmt":"2025-02-12T07:18:37","slug":"online-field-data-fi","status":"publish","type":"page","link":"https:\/\/www.fieldobservatory.org\/index.php\/online-field-data-fi\/","title":{"rendered":"Online field data (fi)"},"content":{"rendered":"\n<h1 class=\"wp-block-heading\">Dataa suoraan pelloilta<\/h1>\n\n\n\n<p class=\"h2pc\">Ker\u00e4\u00e4mme reaaliaikaista tietoa kasvillisuudesta, maaper\u00e4st\u00e4 ja ilmakeh\u00e4st\u00e4 maatiloilta ja tutkimuspaikoilta. N\u00e4iden tietojen ja mallinnuksen avulla arvioimme ekosysteemien hiilitasetta ja muita toimintoja.<\/p>\n\n\n\n<p class=\"h2pc\">Kartan selitteess\u00e4, jonka saa n\u00e4kyviin suodatinsymbolista, py\u00f6rrekovarianssi-alat ovat paikkoja, joissa seuraamme jatkuvasti hiilen, veden ja kasvihuonekaasujen virtoja automaattisella py\u00f6rrekovarianssimenetelm\u00e4ll\u00e4. Koealat ovat muita tutkimuspaikkojamme.<\/p>\n\n\n\n<h4 class=\"wp-block-heading\">Sy\u00f6t\u00e4 osoite, k\u00e4yt\u00e4 suodatinsymbolia tai klikkaa karttamerkkej\u00e4.<\/h4>\n\n\n\n<p><\/p>\n","protected":false},"excerpt":{"rendered":"<p>Dataa suoraan pelloilta Ker\u00e4\u00e4mme reaaliaikaista tietoa kasvillisuudesta, maaper\u00e4st\u00e4 ja ilmakeh\u00e4st\u00e4 maatiloilta ja tutkimuspaikoilta. N\u00e4iden tietojen ja mallinnuksen avulla arvioimme ekosysteemien hiilitasetta ja muita toimintoja. Kartan selitteess\u00e4, jonka saa n\u00e4kyviin suodatinsymbolista, py\u00f6rrekovarianssi-alat ovat paikkoja, joissa seuraamme jatkuvasti hiilen, veden ja kasvihuonekaasujen virtoja automaattisella py\u00f6rrekovarianssimenetelm\u00e4ll\u00e4. Koealat ovat muita tutkimuspaikkojamme. Sy\u00f6t\u00e4 osoite, k\u00e4yt\u00e4 suodatinsymbolia tai klikkaa karttamerkkej\u00e4.<\/p>\n","protected":false},"author":2,"featured_media":0,"parent":0,"menu_order":0,"comment_status":"closed","ping_status":"closed","template":"","meta":{"inline_featured_image":false,"footnotes":""},"_links":{"self":[{"href":"https:\/\/www.fieldobservatory.org\/index.php\/wp-json\/wp\/v2\/pages\/331"}],"collection":[{"href":"https:\/\/www.fieldobservatory.org\/index.php\/wp-json\/wp\/v2\/pages"}],"about":[{"href":"https:\/\/www.fieldobservatory.org\/index.php\/wp-json\/wp\/v2\/types\/page"}],"author":[{"embeddable":true,"href":"https:\/\/www.fieldobservatory.org\/index.php\/wp-json\/wp\/v2\/users\/2"}],"replies":[{"embeddable":true,"href":"https:\/\/www.fieldobservatory.org\/index.php\/wp-json\/wp\/v2\/comments?post=331"}],"version-history":[{"count":13,"href":"https:\/\/www.fieldobservatory.org\/index.php\/wp-json\/wp\/v2\/pages\/331\/revisions"}],"predecessor-version":[{"id":2403,"href":"https:\/\/www.fieldobservatory.org\/index.php\/wp-json\/wp\/v2\/pages\/331\/revisions\/2403"}],"wp:attachment":[{"href":"https:\/\/www.fieldobservatory.org\/index.php\/wp-json\/wp\/v2\/media?parent=331"}],"curies":[{"name":"wp","href":"https:\/\/api.w.org\/{rel}","templated":true}]}}